{"id":48,"date":"2022-12-20T09:23:43","date_gmt":"2022-12-20T08:23:43","guid":{"rendered":"https:\/\/www.strudyn.uva.es\/?page_id=48"},"modified":"2026-02-19T09:31:44","modified_gmt":"2026-02-19T08:31:44","slug":"presentacion","status":"publish","type":"page","link":"https:\/\/www.strudyn.uva.es\/en\/presentacion\/","title":{"rendered":"Presentation"},"content":{"rendered":"<div data-elementor-type=\"wp-page\" data-elementor-id=\"48\" class=\"elementor elementor-48\">\n\t\t\t\t\t\t<section class=\"elementor-section elementor-top-section elementor-element elementor-element-3e6a8371 elementor-section-boxed elementor-section-height-default elementor-section-height-default\" data-id=\"3e6a8371\" data-element_type=\"section\" data-e-type=\"section\" data-settings=\"{&quot;background_background&quot;:&quot;classic&quot;}\">\n\t\t\t\t\t\t\t<div class=\"elementor-background-overlay\"><\/div>\n\t\t\t\t\t\t\t<div class=\"elementor-container elementor-column-gap-default\">\n\t\t\t\t\t<div class=\"elementor-column elementor-col-100 elementor-top-column elementor-element elementor-element-7793dfbe\" data-id=\"7793dfbe\" data-element_type=\"column\" data-e-type=\"column\">\n\t\t\t<div class=\"elementor-widget-wrap elementor-element-populated\">\n\t\t\t\t\t\t<div class=\"elementor-element elementor-element-7c813e9d elementor-widget elementor-widget-text-editor\" data-id=\"7c813e9d\" data-element_type=\"widget\" data-e-type=\"widget\" data-widget_type=\"text-editor.default\">\n\t\t\t\t<div class=\"elementor-widget-container\">\n\t\t\t\t\t\t\t\t\t<p><img fetchpriority=\"high\" decoding=\"async\" class=\"wp-image-3617 alignleft\" src=\"\/wp-content\/uploads\/2024\/02\/lego5-261x300-1.jpg\" sizes=\"(max-width: 239px) 100vw, 239px\" srcset=\"\/wp-content\/uploads\/2024\/02\/lego5-261x300-1.jpg 490w, \/wp-content\/uploads\/2024\/02\/lego5-261x300-1.jpg 261w\" alt=\"\" width=\"239\" height=\"275\" \/><\/p><p>Todo tipo de construcciones (edificios, puentes, \u2026), bastidores de m\u00e1quinas (veh\u00edculos, aerogeneradores, \u2026), mecanismos rob\u00f3ticos y cualquier otro dispositivo mec\u00e1nico deben cumplir m\u00faltiples requisitos estructurales simult\u00e1neamente. La amplia gama de criterios respecto a <strong>estados l\u00edmite \u00faltimos y de servicio<\/strong>\u00a0requiere tener en cuenta aspectos como tensiones ante diversas combinaciones de acciones, fen\u00f3menos de\u00a0inestabilidad o pandeo, modos de vibraci\u00f3n, respuesta din\u00e1mica bajo cargas transitorias o fatiga mec\u00e1nica. A esas exigencias t\u00e9cnicas se unen otras de tipo medioambiental, econ\u00f3mico, de durabilidad o de confort. Adem\u00e1s, las altas prestaciones de los materiales de construcci\u00f3n actuales, cada vez m\u00e1s resistentes y ligeros, hace que los aspectos din\u00e1micos cobren m\u00e1s importancia en las estructuras esbeltas resultantes. Afortunadamente, las<strong>\u00a0t\u00e9cnicas experimentales <\/strong>y los <strong>modelos num\u00e9ricos<\/strong>\u00a0que permiten evaluar si se cumplen o no todos los requisitos tambi\u00e9n han evolucionado.<\/p><p>El Grupo de Din\u00e1mica Estructural tiene experiencia en t\u00e9cnicas de <strong>modelado <\/strong>and <strong>simulaci\u00f3n<\/strong>, en <strong>ensayos <\/strong>est\u00e1ticos y din\u00e1micos, en calibrado de modelos computacionales y en generaci\u00f3n de modelos reducidos. Los\u00a0algoritmos de modelado de acciones no deterministas permiten la introducci\u00f3n de la <strong>acci\u00f3n peatonal<\/strong>\u00a0y del <strong>viento <\/strong>en los modelos, incluyendo <strong>interacci\u00f3n<\/strong>, lo que permite dimensionar y estimar el desempe\u00f1o de estructuras esbeltas en condiciones realistas a lo largo de su vida \u00fatil.<img decoding=\"async\" class=\"alignright\" src=\"\/wp-content\/uploads\/2024\/02\/lego6.jpg\" alt=\"\" width=\"182\" height=\"252\" \/><\/p><p>Asimismo, el grupo es experto en el dise\u00f1o y sintonizado de dispositivos para aumentar el <strong>amortiguamiento estructural<\/strong>\u00a0y en la instalaci\u00f3n de sistemas electr\u00f3nicos de bajo coste que permiten hacer un seguimiento (<strong>SHM<\/strong>) y evaluaci\u00f3n de las estructuras construidas, incluyendo la <strong>gesti\u00f3n de datos<\/strong>\u00a0y la generaci\u00f3n de <strong>alertas tempranas<\/strong>, con algoritmos basados tanto en modelos como en datos (asistidos por t\u00e9cnicas de inteligencia artificial)<\/p>\t\t\t\t\t\t\t\t<\/div>\n\t\t\t\t<\/div>\n\t\t\t\t\t<\/div>\n\t\t<\/div>\n\t\t\t\t\t<\/div>\n\t\t<\/section>\n\t\t\t\t<\/div>","protected":false},"excerpt":{"rendered":"<p>Todo tipo de construcciones (edificios, puentes, \u2026), bastidores de m\u00e1quinas (veh\u00edculos, aerogeneradores, \u2026), mecanismos rob\u00f3ticos y cualquier otro dispositivo mec\u00e1nico deben cumplir m\u00faltiples requisitos estructurales simult\u00e1neamente. La amplia gama de criterios respecto a estados l\u00edmite \u00faltimos y de servicio\u00a0requiere tener en cuenta aspectos como tensiones ante diversas combinaciones de acciones, fen\u00f3menos de\u00a0inestabilidad o pandeo, modos [&hellip;]<\/p>\n","protected":false},"author":1,"featured_media":0,"parent":0,"menu_order":0,"comment_status":"closed","ping_status":"closed","template":"","meta":{"site-sidebar-layout":"default","site-content-layout":"default","ast-site-content-layout":"normal-width-container","site-content-style":"default","site-sidebar-style":"default","ast-global-header-display":"","ast-banner-title-visibility":"","ast-main-header-display":"","ast-hfb-above-header-display":"","ast-hfb-below-header-display":"","ast-hfb-mobile-header-display":"","site-post-title":"","ast-breadcrumbs-content":"","ast-featured-img":"","footer-sml-layout":"","ast-disable-related-posts":"","theme-transparent-header-meta":"default","adv-header-id-meta":"","stick-header-meta":"","header-above-stick-meta":"","header-main-stick-meta":"","header-below-stick-meta":"","astra-migrate-meta-layouts":"set","ast-page-background-enabled":"default","ast-page-background-meta":{"desktop":{"background-color":"var(--ast-global-color-4)","background-image":"","background-repeat":"repeat","background-position":"center center","background-size":"auto","background-attachment":"scroll","background-type":"","background-media":"","overlay-type":"","overlay-color":"","overlay-opacity":"","overlay-gradient":""},"tablet":{"background-color":"","background-image":"","background-repeat":"repeat","background-position":"center center","background-size":"auto","background-attachment":"scroll","background-type":"","background-media":"","overlay-type":"","overlay-color":"","overlay-opacity":"","overlay-gradient":""},"mobile":{"background-color":"","background-image":"","background-repeat":"repeat","background-position":"center center","background-size":"auto","background-attachment":"scroll","background-type":"","background-media":"","overlay-type":"","overlay-color":"","overlay-opacity":"","overlay-gradient":""}},"ast-content-background-meta":{"desktop":{"background-color":"var(--ast-global-color-5)","background-image":"","background-repeat":"repeat","background-position":"center center","background-size":"auto","background-attachment":"scroll","background-type":"","background-media":"","overlay-type":"","overlay-color":"","overlay-opacity":"","overlay-gradient":""},"tablet":{"background-color":"var(--ast-global-color-5)","background-image":"","background-repeat":"repeat","background-position":"center center","background-size":"auto","background-attachment":"scroll","background-type":"","background-media":"","overlay-type":"","overlay-color":"","overlay-opacity":"","overlay-gradient":""},"mobile":{"background-color":"var(--ast-global-color-5)","background-image":"","background-repeat":"repeat","background-position":"center center","background-size":"auto","background-attachment":"scroll","background-type":"","background-media":"","overlay-type":"","overlay-color":"","overlay-opacity":"","overlay-gradient":""}},"footnotes":""},"class_list":["post-48","page","type-page","status-publish","hentry"],"yoast_head":"<!-- This site is optimized with the Yoast SEO plugin v27.4 - https:\/\/yoast.com\/product\/yoast-seo-wordpress\/ -->\n<title>Presentaci\u00f3n - Grupo de Din\u00e1mica Estructural<\/title>\n<meta name=\"robots\" content=\"index, follow, max-snippet:-1, max-image-preview:large, max-video-preview:-1\" \/>\n<link rel=\"canonical\" href=\"https:\/\/www.strudyn.uva.es\/en\/presentacion\/\" \/>\n<meta property=\"og:locale\" content=\"en_GB\" \/>\n<meta property=\"og:type\" content=\"article\" \/>\n<meta property=\"og:title\" content=\"Presentaci\u00f3n - Grupo de Din\u00e1mica Estructural\" \/>\n<meta property=\"og:description\" content=\"Todo tipo de construcciones (edificios, puentes, \u2026), bastidores de m\u00e1quinas (veh\u00edculos, aerogeneradores, \u2026), mecanismos rob\u00f3ticos y cualquier otro dispositivo mec\u00e1nico deben cumplir m\u00faltiples requisitos estructurales simult\u00e1neamente. La amplia gama de criterios respecto a estados l\u00edmite \u00faltimos y de servicio\u00a0requiere tener en cuenta aspectos como tensiones ante diversas combinaciones de acciones, fen\u00f3menos de\u00a0inestabilidad o pandeo, modos [&hellip;]\" \/>\n<meta property=\"og:url\" content=\"https:\/\/www.strudyn.uva.es\/en\/presentacion\/\" \/>\n<meta property=\"og:site_name\" content=\"Grupo de Din\u00e1mica Estructural\" \/>\n<meta property=\"article:modified_time\" content=\"2026-02-19T08:31:44+00:00\" \/>\n<meta name=\"twitter:card\" content=\"summary_large_image\" \/>\n<meta name=\"twitter:label1\" content=\"Estimated reading time\" \/>\n\t<meta name=\"twitter:data1\" content=\"2 minutes\" \/>\n<script type=\"application\/ld+json\" class=\"yoast-schema-graph\">{\"@context\":\"https:\\\/\\\/schema.org\",\"@graph\":[{\"@type\":\"WebPage\",\"@id\":\"https:\\\/\\\/www.strudyn.uva.es\\\/presentacion\\\/\",\"url\":\"https:\\\/\\\/www.strudyn.uva.es\\\/presentacion\\\/\",\"name\":\"Presentaci\u00f3n - Grupo de Din\u00e1mica Estructural\",\"isPartOf\":{\"@id\":\"https:\\\/\\\/www.strudyn.uva.es\\\/#website\"},\"datePublished\":\"2022-12-20T08:23:43+00:00\",\"dateModified\":\"2026-02-19T08:31:44+00:00\",\"breadcrumb\":{\"@id\":\"https:\\\/\\\/www.strudyn.uva.es\\\/presentacion\\\/#breadcrumb\"},\"inLanguage\":\"en-GB\",\"potentialAction\":[{\"@type\":\"ReadAction\",\"target\":[\"https:\\\/\\\/www.strudyn.uva.es\\\/presentacion\\\/\"]}]},{\"@type\":\"BreadcrumbList\",\"@id\":\"https:\\\/\\\/www.strudyn.uva.es\\\/presentacion\\\/#breadcrumb\",\"itemListElement\":[{\"@type\":\"ListItem\",\"position\":1,\"name\":\"Portada\",\"item\":\"https:\\\/\\\/www.strudyn.uva.es\\\/\"},{\"@type\":\"ListItem\",\"position\":2,\"name\":\"Presentaci\u00f3n\"}]},{\"@type\":\"WebSite\",\"@id\":\"https:\\\/\\\/www.strudyn.uva.es\\\/#website\",\"url\":\"https:\\\/\\\/www.strudyn.uva.es\\\/\",\"name\":\"Din\u00e1mica estructural\",\"description\":\"StruDyn\",\"publisher\":{\"@id\":\"https:\\\/\\\/www.strudyn.uva.es\\\/#organization\"},\"potentialAction\":[{\"@type\":\"SearchAction\",\"target\":{\"@type\":\"EntryPoint\",\"urlTemplate\":\"https:\\\/\\\/www.strudyn.uva.es\\\/?s={search_term_string}\"},\"query-input\":{\"@type\":\"PropertyValueSpecification\",\"valueRequired\":true,\"valueName\":\"search_term_string\"}}],\"inLanguage\":\"en-GB\"},{\"@type\":\"Organization\",\"@id\":\"https:\\\/\\\/www.strudyn.uva.es\\\/#organization\",\"name\":\"Din\u00e1mica estructural\",\"url\":\"https:\\\/\\\/www.strudyn.uva.es\\\/\",\"logo\":{\"@type\":\"ImageObject\",\"inLanguage\":\"en-GB\",\"@id\":\"https:\\\/\\\/www.strudyn.uva.es\\\/#\\\/schema\\\/logo\\\/image\\\/\",\"url\":\"https:\\\/\\\/www.strudyn.uva.es\\\/wp-content\\\/uploads\\\/2026\\\/02\\\/cropped-logod.png\",\"contentUrl\":\"https:\\\/\\\/www.strudyn.uva.es\\\/wp-content\\\/uploads\\\/2026\\\/02\\\/cropped-logod.png\",\"width\":966,\"height\":588,\"caption\":\"Din\u00e1mica estructural\"},\"image\":{\"@id\":\"https:\\\/\\\/www.strudyn.uva.es\\\/#\\\/schema\\\/logo\\\/image\\\/\"}}]}<\/script>\n<!-- \/ Yoast SEO plugin. -->","yoast_head_json":{"title":"Presentaci\u00f3n - Grupo de Din\u00e1mica Estructural","robots":{"index":"index","follow":"follow","max-snippet":"max-snippet:-1","max-image-preview":"max-image-preview:large","max-video-preview":"max-video-preview:-1"},"canonical":"https:\/\/www.strudyn.uva.es\/en\/presentacion\/","og_locale":"en_GB","og_type":"article","og_title":"Presentaci\u00f3n - Grupo de Din\u00e1mica Estructural","og_description":"Todo tipo de construcciones (edificios, puentes, \u2026), bastidores de m\u00e1quinas (veh\u00edculos, aerogeneradores, \u2026), mecanismos rob\u00f3ticos y cualquier otro dispositivo mec\u00e1nico deben cumplir m\u00faltiples requisitos estructurales simult\u00e1neamente. La amplia gama de criterios respecto a estados l\u00edmite \u00faltimos y de servicio\u00a0requiere tener en cuenta aspectos como tensiones ante diversas combinaciones de acciones, fen\u00f3menos de\u00a0inestabilidad o pandeo, modos [&hellip;]","og_url":"https:\/\/www.strudyn.uva.es\/en\/presentacion\/","og_site_name":"Grupo de Din\u00e1mica Estructural","article_modified_time":"2026-02-19T08:31:44+00:00","twitter_card":"summary_large_image","twitter_misc":{"Estimated reading time":"2 minutes"},"schema":{"@context":"https:\/\/schema.org","@graph":[{"@type":"WebPage","@id":"https:\/\/www.strudyn.uva.es\/presentacion\/","url":"https:\/\/www.strudyn.uva.es\/presentacion\/","name":"Presentaci\u00f3n - Grupo de Din\u00e1mica Estructural","isPartOf":{"@id":"https:\/\/www.strudyn.uva.es\/#website"},"datePublished":"2022-12-20T08:23:43+00:00","dateModified":"2026-02-19T08:31:44+00:00","breadcrumb":{"@id":"https:\/\/www.strudyn.uva.es\/presentacion\/#breadcrumb"},"inLanguage":"en-GB","potentialAction":[{"@type":"ReadAction","target":["https:\/\/www.strudyn.uva.es\/presentacion\/"]}]},{"@type":"BreadcrumbList","@id":"https:\/\/www.strudyn.uva.es\/presentacion\/#breadcrumb","itemListElement":[{"@type":"ListItem","position":1,"name":"Portada","item":"https:\/\/www.strudyn.uva.es\/"},{"@type":"ListItem","position":2,"name":"Presentaci\u00f3n"}]},{"@type":"WebSite","@id":"https:\/\/www.strudyn.uva.es\/#website","url":"https:\/\/www.strudyn.uva.es\/","name":"Structrural Dynamics","description":"StruDyn","publisher":{"@id":"https:\/\/www.strudyn.uva.es\/#organization"},"potentialAction":[{"@type":"SearchAction","target":{"@type":"EntryPoint","urlTemplate":"https:\/\/www.strudyn.uva.es\/?s={search_term_string}"},"query-input":{"@type":"PropertyValueSpecification","valueRequired":true,"valueName":"search_term_string"}}],"inLanguage":"en-GB"},{"@type":"Organization","@id":"https:\/\/www.strudyn.uva.es\/#organization","name":"Structrural Dynamics","url":"https:\/\/www.strudyn.uva.es\/","logo":{"@type":"ImageObject","inLanguage":"en-GB","@id":"https:\/\/www.strudyn.uva.es\/#\/schema\/logo\/image\/","url":"https:\/\/www.strudyn.uva.es\/wp-content\/uploads\/2026\/02\/cropped-logod.png","contentUrl":"https:\/\/www.strudyn.uva.es\/wp-content\/uploads\/2026\/02\/cropped-logod.png","width":966,"height":588,"caption":"Din\u00e1mica estructural"},"image":{"@id":"https:\/\/www.strudyn.uva.es\/#\/schema\/logo\/image\/"}}]}},"_links":{"self":[{"href":"https:\/\/www.strudyn.uva.es\/en\/wp-json\/wp\/v2\/pages\/48","targetHints":{"allow":["GET"]}}],"collection":[{"href":"https:\/\/www.strudyn.uva.es\/en\/wp-json\/wp\/v2\/pages"}],"about":[{"href":"https:\/\/www.strudyn.uva.es\/en\/wp-json\/wp\/v2\/types\/page"}],"author":[{"embeddable":true,"href":"https:\/\/www.strudyn.uva.es\/en\/wp-json\/wp\/v2\/users\/1"}],"replies":[{"embeddable":true,"href":"https:\/\/www.strudyn.uva.es\/en\/wp-json\/wp\/v2\/comments?post=48"}],"version-history":[{"count":36,"href":"https:\/\/www.strudyn.uva.es\/en\/wp-json\/wp\/v2\/pages\/48\/revisions"}],"predecessor-version":[{"id":6308,"href":"https:\/\/www.strudyn.uva.es\/en\/wp-json\/wp\/v2\/pages\/48\/revisions\/6308"}],"wp:attachment":[{"href":"https:\/\/www.strudyn.uva.es\/en\/wp-json\/wp\/v2\/media?parent=48"}],"curies":[{"name":"wp","href":"https:\/\/api.w.org\/{rel}","templated":true}]}}