{"id":4393,"date":"2024-01-09T13:42:37","date_gmt":"2024-01-09T12:42:37","guid":{"rendered":"https:\/\/www.strudyn.uva.es\/?page_id=4393"},"modified":"2025-07-21T10:22:24","modified_gmt":"2025-07-21T09:22:24","slug":"lininvestobj","status":"publish","type":"page","link":"https:\/\/www.strudyn.uva.es\/en\/lininvestobj\/","title":{"rendered":"Research lines and goals"},"content":{"rendered":"<div data-elementor-type=\"wp-page\" data-elementor-id=\"4393\" class=\"elementor elementor-4393\">\n\t\t\t\t\t\t<section class=\"elementor-section elementor-top-section elementor-element elementor-element-75d574be elementor-section-boxed elementor-section-height-default elementor-section-height-default\" data-id=\"75d574be\" data-element_type=\"section\" data-e-type=\"section\">\n\t\t\t\t\t\t<div class=\"elementor-container elementor-column-gap-default\">\n\t\t\t\t\t<div class=\"elementor-column elementor-col-100 elementor-top-column elementor-element elementor-element-4f343eaa\" data-id=\"4f343eaa\" data-element_type=\"column\" data-e-type=\"column\">\n\t\t\t<div class=\"elementor-widget-wrap elementor-element-populated\">\n\t\t\t\t\t\t<div class=\"elementor-element elementor-element-10d9b77 elementor-widget elementor-widget-text-editor\" data-id=\"10d9b77\" data-element_type=\"widget\" data-e-type=\"widget\" data-widget_type=\"text-editor.default\">\n\t\t\t\t<div class=\"elementor-widget-container\">\n\t\t\t\t\t\t\t\t\t<p>The group develops its activities along the following thematic lines:<\/p><ul><li style=\"list-style-type: none;\"><ul><li style=\"list-style-type: none;\"><ul><li style=\"list-style-type: none;\"><ul><li>Modeling and simulation of deformable systems<\/li><li>Experimental Modal Analysis<\/li><li>Calibration of computational models<\/li><li>Modelado de acciones no deterministas, incluyendo la acci\u00f3n del viento y de los usuarios (peatones)<\/li><li>Interaction and synchronization phenomena<\/li><li>Design and tuning of vibration mitigation devices<\/li><li>Sensorization, monitoring and evaluation techniques for structures<\/li><\/ul><\/li><\/ul><\/li><\/ul><\/li><\/ul><p>The group's objectives are the following:<\/p><ol><li style=\"list-style-type: none;\"><ol><li style=\"list-style-type: none;\"><ol><li style=\"list-style-type: none;\"><ol><li>Carrying out quality research in its lines of specialization, including the corresponding dissemination activities at all levels (papers in indexed journals, presentations at conferences, patents and utility models)<\/li><li>The recruitment and development of competitive research projects.<\/li><li>Collaboration with other researchers, companies and organizations for the effective transfer of technology and qualified assistance.<\/li><li>Specialized training in its lines of research, with orientation to both the university and business fields.<\/li><\/ol><\/li><\/ol><\/li><\/ol><\/li><\/ol><p>Research, transfer and training tasks are planned according to the following activities:<\/p><ul><li style=\"list-style-type: none;\"><ul><li style=\"list-style-type: none;\"><ul><li style=\"list-style-type: none;\"><ul><li>scientific-technological surveillance, including bibliographic reviews and study of the latest publications on the subject, attendance at conferences and reviewing manuscripts of other researchers, at the request of several publishers with which we collaborate.<\/li><li>recruitment of projects, including updating on competitive calls in which you can participate, both at the regional, national or international level. Multi-year planning thereof.<\/li><li>training and recruiting talent, including the completion of final projects in the field of structural dynamics, attendance at specialized courses and participation in calls for teaching staff and research staff in training..<\/li><li>control and monitoring of projects under development, along with the preparation of the corresponding justification reports.<\/li><li>transfer of technology and applied knowledge, at the demand of the business community, including work with high degrees of specialization and proposal of solutions susceptible to protection of industrial property.<\/li><\/ul><\/li><\/ul><\/li><\/ul><\/li><\/ul>\t\t\t\t\t\t\t\t<\/div>\n\t\t\t\t<\/div>\n\t\t\t\t\t<\/div>\n\t\t<\/div>\n\t\t\t\t\t<\/div>\n\t\t<\/section>\n\t\t\t\t<\/div>","protected":false},"excerpt":{"rendered":"<p>El grupo desarrolla sus actividades en las siguientes l\u00edneas tem\u00e1ticas: Modelado y simulaci\u00f3n de sistemas deformables An\u00e1lisis Modal Experimental Calibrado de modelos computacionales Modelado de acciones no deterministas, incluyendo la acci\u00f3n del viento y de los usuarios (peatones) Fen\u00f3menos de interacci\u00f3n y sincronizaci\u00f3n Dise\u00f1o y sintonizado de dispositivos de mitigaci\u00f3n de vibraciones T\u00e9cnicas de sensorizaci\u00f3n, [&hellip;]<\/p>\n","protected":false},"author":1,"featured_media":0,"parent":0,"menu_order":0,"comment_status":"closed","ping_status":"closed","template":"","meta":{"site-sidebar-layout":"default","site-content-layout":"","ast-site-content-layout":"normal-width-container","site-content-style":"default","site-sidebar-style":"default","ast-global-header-display":"","ast-banner-title-visibility":"","ast-main-header-display":"","ast-hfb-above-header-display":"","ast-hfb-below-header-display":"","ast-hfb-mobile-header-display":"","site-post-title":"","ast-breadcrumbs-content":"","ast-featured-img":"","footer-sml-layout":"","ast-disable-related-posts":"","theme-transparent-header-meta":"default","adv-header-id-meta":"","stick-header-meta":"","header-above-stick-meta":"","header-main-stick-meta":"","header-below-stick-meta":"","astra-migrate-meta-layouts":"set","ast-page-background-enabled":"default","ast-page-background-meta":{"desktop":{"background-color":"var(--ast-global-color-4)","background-image":"","background-repeat":"repeat","background-position":"center center","background-size":"auto","background-attachment":"scroll","background-type":"","background-media":"","overlay-type":"","overlay-color":"","overlay-opacity":"","overlay-gradient":""},"tablet":{"background-color":"","background-image":"","background-repeat":"repeat","background-position":"center center","background-size":"auto","background-attachment":"scroll","background-type":"","background-media":"","overlay-type":"","overlay-color":"","overlay-opacity":"","overlay-gradient":""},"mobile":{"background-color":"","background-image":"","background-repeat":"repeat","background-position":"center center","background-size":"auto","background-attachment":"scroll","background-type":"","background-media":"","overlay-type":"","overlay-color":"","overlay-opacity":"","overlay-gradient":""}},"ast-content-background-meta":{"desktop":{"background-color":"var(--ast-global-color-5)","background-image":"","background-repeat":"repeat","background-position":"center center","background-size":"auto","background-attachment":"scroll","background-type":"","background-media":"","overlay-type":"","overlay-color":"","overlay-opacity":"","overlay-gradient":""},"tablet":{"background-color":"var(--ast-global-color-5)","background-image":"","background-repeat":"repeat","background-position":"center center","background-size":"auto","background-attachment":"scroll","background-type":"","background-media":"","overlay-type":"","overlay-color":"","overlay-opacity":"","overlay-gradient":""},"mobile":{"background-color":"var(--ast-global-color-5)","background-image":"","background-repeat":"repeat","background-position":"center center","background-size":"auto","background-attachment":"scroll","background-type":"","background-media":"","overlay-type":"","overlay-color":"","overlay-opacity":"","overlay-gradient":""}},"footnotes":""},"class_list":["post-4393","page","type-page","status-publish","hentry"],"yoast_head":"<!-- This site is optimized with the Yoast SEO plugin v27.4 - https:\/\/yoast.com\/product\/yoast-seo-wordpress\/ -->\n<title>L\u00edneas de investigaci\u00f3n y objetivos - Grupo de Din\u00e1mica Estructural<\/title>\n<meta name=\"robots\" content=\"index, follow, max-snippet:-1, max-image-preview:large, max-video-preview:-1\" \/>\n<link rel=\"canonical\" href=\"https:\/\/www.strudyn.uva.es\/en\/lininvestobj\/\" \/>\n<meta property=\"og:locale\" content=\"en_GB\" \/>\n<meta property=\"og:type\" content=\"article\" \/>\n<meta property=\"og:title\" content=\"L\u00edneas de investigaci\u00f3n y objetivos - Grupo de Din\u00e1mica Estructural\" \/>\n<meta property=\"og:description\" content=\"El grupo desarrolla sus actividades en las siguientes l\u00edneas tem\u00e1ticas: Modelado y simulaci\u00f3n de sistemas deformables An\u00e1lisis Modal Experimental Calibrado de modelos computacionales Modelado de acciones no deterministas, incluyendo la acci\u00f3n del viento y de los usuarios (peatones) Fen\u00f3menos de interacci\u00f3n y sincronizaci\u00f3n Dise\u00f1o y sintonizado de dispositivos de mitigaci\u00f3n de vibraciones T\u00e9cnicas de sensorizaci\u00f3n, [&hellip;]\" \/>\n<meta property=\"og:url\" content=\"https:\/\/www.strudyn.uva.es\/en\/lininvestobj\/\" \/>\n<meta property=\"og:site_name\" content=\"Grupo de Din\u00e1mica Estructural\" \/>\n<meta property=\"article:modified_time\" content=\"2025-07-21T09:22:24+00:00\" \/>\n<meta name=\"twitter:card\" content=\"summary_large_image\" \/>\n<meta name=\"twitter:label1\" content=\"Estimated reading time\" \/>\n\t<meta name=\"twitter:data1\" content=\"2 minutes\" \/>\n<script type=\"application\/ld+json\" class=\"yoast-schema-graph\">{\"@context\":\"https:\\\/\\\/schema.org\",\"@graph\":[{\"@type\":\"WebPage\",\"@id\":\"https:\\\/\\\/www.strudyn.uva.es\\\/lininvestobj\\\/\",\"url\":\"https:\\\/\\\/www.strudyn.uva.es\\\/lininvestobj\\\/\",\"name\":\"L\u00edneas de investigaci\u00f3n y objetivos - Grupo de Din\u00e1mica Estructural\",\"isPartOf\":{\"@id\":\"https:\\\/\\\/www.strudyn.uva.es\\\/#website\"},\"datePublished\":\"2024-01-09T12:42:37+00:00\",\"dateModified\":\"2025-07-21T09:22:24+00:00\",\"breadcrumb\":{\"@id\":\"https:\\\/\\\/www.strudyn.uva.es\\\/lininvestobj\\\/#breadcrumb\"},\"inLanguage\":\"en-GB\",\"potentialAction\":[{\"@type\":\"ReadAction\",\"target\":[\"https:\\\/\\\/www.strudyn.uva.es\\\/lininvestobj\\\/\"]}]},{\"@type\":\"BreadcrumbList\",\"@id\":\"https:\\\/\\\/www.strudyn.uva.es\\\/lininvestobj\\\/#breadcrumb\",\"itemListElement\":[{\"@type\":\"ListItem\",\"position\":1,\"name\":\"Portada\",\"item\":\"https:\\\/\\\/www.strudyn.uva.es\\\/\"},{\"@type\":\"ListItem\",\"position\":2,\"name\":\"L\u00edneas de investigaci\u00f3n y objetivos\"}]},{\"@type\":\"WebSite\",\"@id\":\"https:\\\/\\\/www.strudyn.uva.es\\\/#website\",\"url\":\"https:\\\/\\\/www.strudyn.uva.es\\\/\",\"name\":\"Din\u00e1mica estructural\",\"description\":\"StruDyn\",\"publisher\":{\"@id\":\"https:\\\/\\\/www.strudyn.uva.es\\\/#organization\"},\"potentialAction\":[{\"@type\":\"SearchAction\",\"target\":{\"@type\":\"EntryPoint\",\"urlTemplate\":\"https:\\\/\\\/www.strudyn.uva.es\\\/?s={search_term_string}\"},\"query-input\":{\"@type\":\"PropertyValueSpecification\",\"valueRequired\":true,\"valueName\":\"search_term_string\"}}],\"inLanguage\":\"en-GB\"},{\"@type\":\"Organization\",\"@id\":\"https:\\\/\\\/www.strudyn.uva.es\\\/#organization\",\"name\":\"Din\u00e1mica estructural\",\"url\":\"https:\\\/\\\/www.strudyn.uva.es\\\/\",\"logo\":{\"@type\":\"ImageObject\",\"inLanguage\":\"en-GB\",\"@id\":\"https:\\\/\\\/www.strudyn.uva.es\\\/#\\\/schema\\\/logo\\\/image\\\/\",\"url\":\"https:\\\/\\\/www.strudyn.uva.es\\\/wp-content\\\/uploads\\\/2026\\\/02\\\/cropped-logod.png\",\"contentUrl\":\"https:\\\/\\\/www.strudyn.uva.es\\\/wp-content\\\/uploads\\\/2026\\\/02\\\/cropped-logod.png\",\"width\":966,\"height\":588,\"caption\":\"Din\u00e1mica estructural\"},\"image\":{\"@id\":\"https:\\\/\\\/www.strudyn.uva.es\\\/#\\\/schema\\\/logo\\\/image\\\/\"}}]}<\/script>\n<!-- \/ Yoast SEO plugin. -->","yoast_head_json":{"title":"L\u00edneas de investigaci\u00f3n y objetivos - Grupo de Din\u00e1mica Estructural","robots":{"index":"index","follow":"follow","max-snippet":"max-snippet:-1","max-image-preview":"max-image-preview:large","max-video-preview":"max-video-preview:-1"},"canonical":"https:\/\/www.strudyn.uva.es\/en\/lininvestobj\/","og_locale":"en_GB","og_type":"article","og_title":"L\u00edneas de investigaci\u00f3n y objetivos - Grupo de Din\u00e1mica Estructural","og_description":"El grupo desarrolla sus actividades en las siguientes l\u00edneas tem\u00e1ticas: Modelado y simulaci\u00f3n de sistemas deformables An\u00e1lisis Modal Experimental Calibrado de modelos computacionales Modelado de acciones no deterministas, incluyendo la acci\u00f3n del viento y de los usuarios (peatones) Fen\u00f3menos de interacci\u00f3n y sincronizaci\u00f3n Dise\u00f1o y sintonizado de dispositivos de mitigaci\u00f3n de vibraciones T\u00e9cnicas de sensorizaci\u00f3n, [&hellip;]","og_url":"https:\/\/www.strudyn.uva.es\/en\/lininvestobj\/","og_site_name":"Grupo de Din\u00e1mica Estructural","article_modified_time":"2025-07-21T09:22:24+00:00","twitter_card":"summary_large_image","twitter_misc":{"Estimated reading time":"2 minutes"},"schema":{"@context":"https:\/\/schema.org","@graph":[{"@type":"WebPage","@id":"https:\/\/www.strudyn.uva.es\/lininvestobj\/","url":"https:\/\/www.strudyn.uva.es\/lininvestobj\/","name":"L\u00edneas de investigaci\u00f3n y objetivos - Grupo de Din\u00e1mica Estructural","isPartOf":{"@id":"https:\/\/www.strudyn.uva.es\/#website"},"datePublished":"2024-01-09T12:42:37+00:00","dateModified":"2025-07-21T09:22:24+00:00","breadcrumb":{"@id":"https:\/\/www.strudyn.uva.es\/lininvestobj\/#breadcrumb"},"inLanguage":"en-GB","potentialAction":[{"@type":"ReadAction","target":["https:\/\/www.strudyn.uva.es\/lininvestobj\/"]}]},{"@type":"BreadcrumbList","@id":"https:\/\/www.strudyn.uva.es\/lininvestobj\/#breadcrumb","itemListElement":[{"@type":"ListItem","position":1,"name":"Portada","item":"https:\/\/www.strudyn.uva.es\/"},{"@type":"ListItem","position":2,"name":"L\u00edneas de investigaci\u00f3n y objetivos"}]},{"@type":"WebSite","@id":"https:\/\/www.strudyn.uva.es\/#website","url":"https:\/\/www.strudyn.uva.es\/","name":"Structrural Dynamics","description":"StruDyn","publisher":{"@id":"https:\/\/www.strudyn.uva.es\/#organization"},"potentialAction":[{"@type":"SearchAction","target":{"@type":"EntryPoint","urlTemplate":"https:\/\/www.strudyn.uva.es\/?s={search_term_string}"},"query-input":{"@type":"PropertyValueSpecification","valueRequired":true,"valueName":"search_term_string"}}],"inLanguage":"en-GB"},{"@type":"Organization","@id":"https:\/\/www.strudyn.uva.es\/#organization","name":"Structrural Dynamics","url":"https:\/\/www.strudyn.uva.es\/","logo":{"@type":"ImageObject","inLanguage":"en-GB","@id":"https:\/\/www.strudyn.uva.es\/#\/schema\/logo\/image\/","url":"https:\/\/www.strudyn.uva.es\/wp-content\/uploads\/2026\/02\/cropped-logod.png","contentUrl":"https:\/\/www.strudyn.uva.es\/wp-content\/uploads\/2026\/02\/cropped-logod.png","width":966,"height":588,"caption":"Din\u00e1mica estructural"},"image":{"@id":"https:\/\/www.strudyn.uva.es\/#\/schema\/logo\/image\/"}}]}},"_links":{"self":[{"href":"https:\/\/www.strudyn.uva.es\/en\/wp-json\/wp\/v2\/pages\/4393","targetHints":{"allow":["GET"]}}],"collection":[{"href":"https:\/\/www.strudyn.uva.es\/en\/wp-json\/wp\/v2\/pages"}],"about":[{"href":"https:\/\/www.strudyn.uva.es\/en\/wp-json\/wp\/v2\/types\/page"}],"author":[{"embeddable":true,"href":"https:\/\/www.strudyn.uva.es\/en\/wp-json\/wp\/v2\/users\/1"}],"replies":[{"embeddable":true,"href":"https:\/\/www.strudyn.uva.es\/en\/wp-json\/wp\/v2\/comments?post=4393"}],"version-history":[{"count":6,"href":"https:\/\/www.strudyn.uva.es\/en\/wp-json\/wp\/v2\/pages\/4393\/revisions"}],"predecessor-version":[{"id":5423,"href":"https:\/\/www.strudyn.uva.es\/en\/wp-json\/wp\/v2\/pages\/4393\/revisions\/5423"}],"wp:attachment":[{"href":"https:\/\/www.strudyn.uva.es\/en\/wp-json\/wp\/v2\/media?parent=4393"}],"curies":[{"name":"wp","href":"https:\/\/api.w.org\/{rel}","templated":true}]}}