{"id":4001,"date":"2023-06-20T17:00:31","date_gmt":"2023-06-20T16:00:31","guid":{"rendered":"https:\/\/www.strudyn.uva.es\/?page_id=4001"},"modified":"2026-02-24T15:47:16","modified_gmt":"2026-02-24T14:47:16","slug":"amg2","status":"publish","type":"page","link":"https:\/\/www.strudyn.uva.es\/en\/prueba\/miembros\/amg2\/","title":{"rendered":"\u00c1lvaro Magdaleno Gonz\u00e1lez"},"content":{"rendered":"<div data-elementor-type=\"wp-page\" data-elementor-id=\"4001\" class=\"elementor elementor-4001\">\n\t\t\t\t\t\t<section class=\"elementor-section elementor-top-section elementor-element elementor-element-b2ad0f5 elementor-section-boxed elementor-section-height-default elementor-section-height-default\" data-id=\"b2ad0f5\" data-element_type=\"section\" data-e-type=\"section\">\n\t\t\t\t\t\t<div class=\"elementor-container elementor-column-gap-default\">\n\t\t\t\t\t<div class=\"elementor-column elementor-col-100 elementor-top-column elementor-element elementor-element-c6f9176\" data-id=\"c6f9176\" data-element_type=\"column\" data-e-type=\"column\">\n\t\t\t<div class=\"elementor-widget-wrap elementor-element-populated\">\n\t\t\t\t\t\t<div class=\"elementor-element elementor-element-eaf39ff elementor-widget elementor-widget-heading\" data-id=\"eaf39ff\" data-element_type=\"widget\" data-e-type=\"widget\" data-widget_type=\"heading.default\">\n\t\t\t\t<div class=\"elementor-widget-container\">\n\t\t\t\t\t<h2 class=\"elementor-heading-title elementor-size-xl\">\u00c1lvaro Magdaleno Gonz\u00e1lez<\/h2>\t\t\t\t<\/div>\n\t\t\t\t<\/div>\n\t\t\t\t\t<\/div>\n\t\t<\/div>\n\t\t\t\t\t<\/div>\n\t\t<\/section>\n\t\t\t\t<section class=\"elementor-section elementor-top-section elementor-element elementor-element-28ddc9d elementor-section-boxed elementor-section-height-default elementor-section-height-default\" data-id=\"28ddc9d\" data-element_type=\"section\" data-e-type=\"section\">\n\t\t\t\t\t\t<div class=\"elementor-container elementor-column-gap-no\">\n\t\t\t\t\t<div class=\"elementor-column elementor-col-50 elementor-top-column elementor-element elementor-element-c37d9f8\" data-id=\"c37d9f8\" data-element_type=\"column\" data-e-type=\"column\">\n\t\t\t<div class=\"elementor-widget-wrap elementor-element-populated\">\n\t\t\t\t\t\t<div class=\"elementor-element elementor-element-d81dd26 elementor-widget elementor-widget-text-editor\" data-id=\"d81dd26\" data-element_type=\"widget\" data-e-type=\"widget\" data-widget_type=\"text-editor.default\">\n\t\t\t\t<div class=\"elementor-widget-container\">\n\t\t\t\t\t\t\t\t\t<p><div class=\"su-button-center\"><a href=\"http:\/\/directorio.uva.es\/nodo\/5004009003\" class=\"su-button su-button-style-glass\" style=\"color:#FFFFFF;background-color:#91111a;border-color:#740e15;border-radius:7px\" target=\"_blank\" rel=\"noopener noreferrer\"><span style=\"color:#FFFFFF;padding:7px 20px;font-size:16px;line-height:24px;border-color:#b2595f;border-radius:7px;text-shadow:none\"><img decoding=\"async\" src=\"\/\/www.itap.uva.es\/wp-content\/uploads\/2025\/02\/uva2.webp\" alt=\"Informaci\u00f3n UVa\" style=\"width:24px;height:24px\" \/> UVa information<\/span><\/a><\/div><\/p>\t\t\t\t\t\t\t\t<\/div>\n\t\t\t\t<\/div>\n\t\t\t\t\t<\/div>\n\t\t<\/div>\n\t\t\t\t<div class=\"elementor-column elementor-col-50 elementor-top-column elementor-element elementor-element-65aed52\" data-id=\"65aed52\" data-element_type=\"column\" data-e-type=\"column\">\n\t\t\t<div class=\"elementor-widget-wrap elementor-element-populated\">\n\t\t\t\t\t\t<div class=\"elementor-element elementor-element-f25435b elementor-widget elementor-widget-text-editor\" data-id=\"f25435b\" data-element_type=\"widget\" data-e-type=\"widget\" data-widget_type=\"text-editor.default\">\n\t\t\t\t<div class=\"elementor-widget-container\">\n\t\t\t\t\t\t\t\t\t<p><span style=\"background-color: var(--ast-global-color-5);\"><div class=\"su-button-center\"><a href=\"https:\/\/investigacion.uva.es\/CawDOS\/\/jsf\/seleccionActividades\/seleccionActividades.jsf?id=6cc8a4906c48a4f2&#038;idioma=es&#038;tipo=activ&#038;elmeucv=N\" class=\"su-button su-button-style-glass\" style=\"color:#FFFFFF;background-color:#8591dd;border-color:#6b74b1;border-radius:7px\" target=\"_blank\" rel=\"noopener noreferrer\"><span style=\"color:#FFFFFF;padding:7px 20px;font-size:16px;line-height:24px;border-color:#aab2e8;border-radius:7px;text-shadow:none\"><img decoding=\"async\" src=\"\/\/www.itap.uva.es\/wp-content\/uploads\/2025\/02\/prodinv.webp\" alt=\"Producci\u00f3n investigadora UVa\" style=\"width:24px;height:24px\" \/> UVa research production<\/span><\/a><\/div><\/span><\/p>\t\t\t\t\t\t\t\t<\/div>\n\t\t\t\t<\/div>\n\t\t\t\t\t<\/div>\n\t\t<\/div>\n\t\t\t\t\t<\/div>\n\t\t<\/section>\n\t\t\t\t<section class=\"elementor-section elementor-top-section elementor-element elementor-element-665f17f elementor-section-boxed elementor-section-height-default elementor-section-height-default\" data-id=\"665f17f\" data-element_type=\"section\" data-e-type=\"section\">\n\t\t\t\t\t\t<div class=\"elementor-container elementor-column-gap-default\">\n\t\t\t\t\t<div class=\"elementor-column elementor-col-33 elementor-top-column elementor-element elementor-element-886ce5d\" data-id=\"886ce5d\" data-element_type=\"column\" data-e-type=\"column\">\n\t\t\t<div class=\"elementor-widget-wrap elementor-element-populated\">\n\t\t\t\t\t\t<div class=\"elementor-element elementor-element-7612949 elementor-widget elementor-widget-text-editor\" data-id=\"7612949\" data-element_type=\"widget\" data-e-type=\"widget\" data-widget_type=\"text-editor.default\">\n\t\t\t\t<div class=\"elementor-widget-container\">\n\t\t\t\t\t\t\t\t\t<p><img fetchpriority=\"high\" decoding=\"async\" class=\"aligncenter\" src=\"https:\/\/www.strudyn.uva.es\/wp-content\/uploads\/2026\/02\/cv.webp\" alt=\"\" width=\"280\" height=\"280\" \/><\/p><h3>\u00a0<\/h3><h3>Breve CV<\/h3><p class=\"MsoNormal\">Formado como investigador predoctoral FPU y postdoctoral Margarita Salas, actualmente es Profesor Ayudante Doctor en la Universidad de Valladolid. Ha colaborado activamente en varios proyectos competitivos nacionales y regionales y en numerosos proyectos no competitivos para distintas empresas. Cuenta en su haber con una decena de publicaciones en revistas de impacto y varias decenas de contribuciones a congresos internacionales. Se pueden consultar m\u00e1s detalles en el <a href=\"https:\/\/orcid.org\/0000-0002-5606-1545\" target=\"_blank\" rel=\"noopener\">ORCID<\/a> y en la web personal de <a href=\"https:\/\/www.researchgate.net\/profile\/Alvaro_Magdaleno2\" target=\"_blank\" rel=\"noopener\">SIGMA Research.<\/a><\/p><p class=\"MsoNormal\">\u00a0<\/p>\t\t\t\t\t\t\t\t<\/div>\n\t\t\t\t<\/div>\n\t\t\t\t\t<\/div>\n\t\t<\/div>\n\t\t\t\t<div class=\"elementor-column elementor-col-33 elementor-top-column elementor-element elementor-element-833d27e\" data-id=\"833d27e\" data-element_type=\"column\" data-e-type=\"column\">\n\t\t\t<div class=\"elementor-widget-wrap elementor-element-populated\">\n\t\t\t\t\t\t<div class=\"elementor-element elementor-element-48fc3f4 elementor-widget elementor-widget-text-editor\" data-id=\"48fc3f4\" data-element_type=\"widget\" data-e-type=\"widget\" data-widget_type=\"text-editor.default\">\n\t\t\t\t<div class=\"elementor-widget-container\">\n\t\t\t\t\t\t\t\t\t<p><img decoding=\"async\" class=\"aligncenter size-full\" src=\"https:\/\/www.strudyn.uva.es\/wp-content\/uploads\/2026\/02\/doc1.webp\" alt=\"\" width=\"280\" height=\"280\" \/><\/p><p>\u00a0<\/p><p><span style=\"color: var(--ast-global-color-2); font-size: 1.66667rem; font-style: inherit; font-weight: 600; font-family: var( --e-global-typography-text-font-family ), Sans-serif; background-color: var(--ast-global-color-5);\">Teaching<\/span><\/p><p>En grado, actualmente se encarga de impartir clases de teor\u00eda y problemas de Estructuras y Construcciones Industriales del Grado en Ingenier\u00eda Mec\u00e1nica, as\u00ed como en Resistencia de Materiales de distintos grados de la escuela. Adem\u00e1s, coordina las pr\u00e1cticas de laboratorio de Elasticidad y Resistencia de Materiales I (3\u00ba GIM) y de Estructuras y Construcciones Industriales. En cuanto a docencia de m\u00e1ster, colabora activamente en la docencia de las asignaturas del \u00e1rea en el M\u00e1ster en Ingenier\u00eda Industrial (Estructuras Industriales y Construcciones Industriales). Es, adem\u00e1s, tutor de varios TFGs y TFMs todos los cursos acad\u00e9micos.<\/p>\t\t\t\t\t\t\t\t<\/div>\n\t\t\t\t<\/div>\n\t\t\t\t\t<\/div>\n\t\t<\/div>\n\t\t\t\t<div class=\"elementor-column elementor-col-33 elementor-top-column elementor-element elementor-element-0c71607\" data-id=\"0c71607\" data-element_type=\"column\" data-e-type=\"column\">\n\t\t\t<div class=\"elementor-widget-wrap elementor-element-populated\">\n\t\t\t\t\t\t<div class=\"elementor-element elementor-element-f0e4589 elementor-widget elementor-widget-text-editor\" data-id=\"f0e4589\" data-element_type=\"widget\" data-e-type=\"widget\" data-widget_type=\"text-editor.default\">\n\t\t\t\t<div class=\"elementor-widget-container\">\n\t\t\t\t\t\t\t\t\t<p><img decoding=\"async\" class=\"aligncenter size-full\" src=\"https:\/\/www.strudyn.uva.es\/wp-content\/uploads\/2026\/02\/invest.webp\" alt=\"\" width=\"280\" height=\"280\" \/><\/p><p>\u00a0<\/p><p><span style=\"color: var(--ast-global-color-2); font-size: 1.66667rem; font-style: inherit; font-weight: 600; font-family: var( --e-global-typography-text-font-family ), Sans-serif; background-color: var(--ast-global-color-5);\">Research<\/span><\/p><p><strong>L\u00edneas activas de trabajo:<\/strong><\/p><ul><li>T\u00e9cnicas de identificaci\u00f3n din\u00e1mica de estructuras esbeltas.<\/li><li>Simulaci\u00f3n por Elementos Finitos y mediante modelos reducidos din\u00e1micamente semejantes.<\/li><li>Monitorizaci\u00f3n de estructuras para auscultaci\u00f3n temporal o continua.<\/li><li>Evaluaci\u00f3n del Estado L\u00edmite de Servicio en vibraciones.<\/li><li>Dimensionamiento de dispositivos pasivos de cancelaci\u00f3n de vibraciones (TMDs).<\/li><\/ul>\t\t\t\t\t\t\t\t<\/div>\n\t\t\t\t<\/div>\n\t\t\t\t\t<\/div>\n\t\t<\/div>\n\t\t\t\t\t<\/div>\n\t\t<\/section>\n\t\t\t\t<\/div>","protected":false},"excerpt":{"rendered":"<p>\u00c1lvaro Magdaleno Gonz\u00e1lez Breve CV Formado como investigador predoctoral FPU y postdoctoral Margarita Salas, actualmente es Profesor Ayudante Doctor en la Universidad de Valladolid. Ha colaborado activamente en varios proyectos competitivos nacionales y regionales y en numerosos proyectos no competitivos para distintas empresas. Cuenta en su haber con una decena de publicaciones en revistas de [&hellip;]<\/p>\n","protected":false},"author":1,"featured_media":0,"parent":55,"menu_order":0,"comment_status":"closed","ping_status":"closed","template":"elementor_header_footer","meta":{"site-sidebar-layout":"default","site-content-layout":"default","ast-site-content-layout":"default","site-content-style":"default","site-sidebar-style":"default","ast-global-header-display":"","ast-banner-title-visibility":"","ast-main-header-display":"","ast-hfb-above-header-display":"","ast-hfb-below-header-display":"","ast-hfb-mobile-header-display":"","site-post-title":"disabled","ast-breadcrumbs-content":"","ast-featured-img":"","footer-sml-layout":"","ast-disable-related-posts":"","theme-transparent-header-meta":"default","adv-header-id-meta":"","stick-header-meta":"","header-above-stick-meta":"","header-main-stick-meta":"","header-below-stick-meta":"","astra-migrate-meta-layouts":"set","ast-page-background-enabled":"default","ast-page-background-meta":{"desktop":{"background-color":"var(--ast-global-color-4)","background-image":"","background-repeat":"repeat","background-position":"center center","background-size":"auto","background-attachment":"scroll","background-type":"","background-media":"","overlay-type":"","overlay-color":"","overlay-opacity":"","overlay-gradient":""},"tablet":{"background-color":"","background-image":"","background-repeat":"repeat","background-position":"center center","background-size":"auto","background-attachment":"scroll","background-type":"","background-media":"","overlay-type":"","overlay-color":"","overlay-opacity":"","overlay-gradient":""},"mobile":{"background-color":"","background-image":"","background-repeat":"repeat","background-position":"center center","background-size":"auto","background-attachment":"scroll","background-type":"","background-media":"","overlay-type":"","overlay-color":"","overlay-opacity":"","overlay-gradient":""}},"ast-content-background-meta":{"desktop":{"background-color":"var(--ast-global-color-5)","background-image":"","background-repeat":"repeat","background-position":"center center","background-size":"auto","background-attachment":"scroll","background-type":"","background-media":"","overlay-type":"","overlay-color":"","overlay-opacity":"","overlay-gradient":""},"tablet":{"background-color":"var(--ast-global-color-5)","background-image":"","background-repeat":"repeat","background-position":"center center","background-size":"auto","background-attachment":"scroll","background-type":"","background-media":"","overlay-type":"","overlay-color":"","overlay-opacity":"","overlay-gradient":""},"mobile":{"background-color":"var(--ast-global-color-5)","background-image":"","background-repeat":"repeat","background-position":"center center","background-size":"auto","background-attachment":"scroll","background-type":"","background-media":"","overlay-type":"","overlay-color":"","overlay-opacity":"","overlay-gradient":""}},"footnotes":""},"class_list":["post-4001","page","type-page","status-publish","hentry"],"yoast_head":"<!-- This site is optimized with the Yoast SEO plugin v27.4 - https:\/\/yoast.com\/product\/yoast-seo-wordpress\/ -->\n<title>\u00c1lvaro Magdaleno Gonz\u00e1lez - Grupo de Din\u00e1mica Estructural<\/title>\n<meta name=\"robots\" content=\"index, follow, max-snippet:-1, max-image-preview:large, max-video-preview:-1\" \/>\n<link rel=\"canonical\" href=\"https:\/\/www.strudyn.uva.es\/en\/prueba\/miembros\/amg2\/\" \/>\n<meta property=\"og:locale\" content=\"en_GB\" \/>\n<meta property=\"og:type\" content=\"article\" \/>\n<meta property=\"og:title\" content=\"\u00c1lvaro Magdaleno Gonz\u00e1lez - Grupo de Din\u00e1mica Estructural\" \/>\n<meta property=\"og:description\" content=\"\u00c1lvaro Magdaleno Gonz\u00e1lez Breve CV Formado como investigador predoctoral FPU y postdoctoral Margarita Salas, actualmente es Profesor Ayudante Doctor en la Universidad de Valladolid. Ha colaborado activamente en varios proyectos competitivos nacionales y regionales y en numerosos proyectos no competitivos para distintas empresas. Cuenta en su haber con una decena de publicaciones en revistas de [&hellip;]\" \/>\n<meta property=\"og:url\" content=\"https:\/\/www.strudyn.uva.es\/en\/prueba\/miembros\/amg2\/\" \/>\n<meta property=\"og:site_name\" content=\"Grupo de Din\u00e1mica Estructural\" \/>\n<meta property=\"article:modified_time\" content=\"2026-02-24T14:47:16+00:00\" \/>\n<meta property=\"og:image\" content=\"https:\/\/www.strudyn.uva.es\/wp-content\/uploads\/2026\/02\/cv.webp\" \/>\n<meta name=\"twitter:card\" content=\"summary_large_image\" \/>\n<meta name=\"twitter:label1\" content=\"Estimated reading time\" \/>\n\t<meta name=\"twitter:data1\" content=\"2 minutes\" \/>\n<script type=\"application\/ld+json\" class=\"yoast-schema-graph\">{\"@context\":\"https:\\\/\\\/schema.org\",\"@graph\":[{\"@type\":\"WebPage\",\"@id\":\"https:\\\/\\\/www.strudyn.uva.es\\\/prueba\\\/miembros\\\/amg2\\\/\",\"url\":\"https:\\\/\\\/www.strudyn.uva.es\\\/prueba\\\/miembros\\\/amg2\\\/\",\"name\":\"\u00c1lvaro Magdaleno Gonz\u00e1lez - Grupo de Din\u00e1mica Estructural\",\"isPartOf\":{\"@id\":\"https:\\\/\\\/www.strudyn.uva.es\\\/#website\"},\"primaryImageOfPage\":{\"@id\":\"https:\\\/\\\/www.strudyn.uva.es\\\/prueba\\\/miembros\\\/amg2\\\/#primaryimage\"},\"image\":{\"@id\":\"https:\\\/\\\/www.strudyn.uva.es\\\/prueba\\\/miembros\\\/amg2\\\/#primaryimage\"},\"thumbnailUrl\":\"https:\\\/\\\/www.strudyn.uva.es\\\/wp-content\\\/uploads\\\/2026\\\/02\\\/cv.webp\",\"datePublished\":\"2023-06-20T16:00:31+00:00\",\"dateModified\":\"2026-02-24T14:47:16+00:00\",\"breadcrumb\":{\"@id\":\"https:\\\/\\\/www.strudyn.uva.es\\\/prueba\\\/miembros\\\/amg2\\\/#breadcrumb\"},\"inLanguage\":\"en-GB\",\"potentialAction\":[{\"@type\":\"ReadAction\",\"target\":[\"https:\\\/\\\/www.strudyn.uva.es\\\/prueba\\\/miembros\\\/amg2\\\/\"]}]},{\"@type\":\"ImageObject\",\"inLanguage\":\"en-GB\",\"@id\":\"https:\\\/\\\/www.strudyn.uva.es\\\/prueba\\\/miembros\\\/amg2\\\/#primaryimage\",\"url\":\"https:\\\/\\\/www.strudyn.uva.es\\\/wp-content\\\/uploads\\\/2026\\\/02\\\/cv.webp\",\"contentUrl\":\"https:\\\/\\\/www.strudyn.uva.es\\\/wp-content\\\/uploads\\\/2026\\\/02\\\/cv.webp\"},{\"@type\":\"BreadcrumbList\",\"@id\":\"https:\\\/\\\/www.strudyn.uva.es\\\/prueba\\\/miembros\\\/amg2\\\/#breadcrumb\",\"itemListElement\":[{\"@type\":\"ListItem\",\"position\":1,\"name\":\"Portada\",\"item\":\"https:\\\/\\\/www.strudyn.uva.es\\\/\"},{\"@type\":\"ListItem\",\"position\":2,\"name\":\"Inicio\",\"item\":\"https:\\\/\\\/www.strudyn.uva.es\\\/\"},{\"@type\":\"ListItem\",\"position\":3,\"name\":\"Miembros\",\"item\":\"https:\\\/\\\/www.strudyn.uva.es\\\/prueba\\\/miembros\\\/\"},{\"@type\":\"ListItem\",\"position\":4,\"name\":\"\u00c1lvaro Magdaleno Gonz\u00e1lez\"}]},{\"@type\":\"WebSite\",\"@id\":\"https:\\\/\\\/www.strudyn.uva.es\\\/#website\",\"url\":\"https:\\\/\\\/www.strudyn.uva.es\\\/\",\"name\":\"Din\u00e1mica estructural\",\"description\":\"StruDyn\",\"publisher\":{\"@id\":\"https:\\\/\\\/www.strudyn.uva.es\\\/#organization\"},\"potentialAction\":[{\"@type\":\"SearchAction\",\"target\":{\"@type\":\"EntryPoint\",\"urlTemplate\":\"https:\\\/\\\/www.strudyn.uva.es\\\/?s={search_term_string}\"},\"query-input\":{\"@type\":\"PropertyValueSpecification\",\"valueRequired\":true,\"valueName\":\"search_term_string\"}}],\"inLanguage\":\"en-GB\"},{\"@type\":\"Organization\",\"@id\":\"https:\\\/\\\/www.strudyn.uva.es\\\/#organization\",\"name\":\"Din\u00e1mica estructural\",\"url\":\"https:\\\/\\\/www.strudyn.uva.es\\\/\",\"logo\":{\"@type\":\"ImageObject\",\"inLanguage\":\"en-GB\",\"@id\":\"https:\\\/\\\/www.strudyn.uva.es\\\/#\\\/schema\\\/logo\\\/image\\\/\",\"url\":\"https:\\\/\\\/www.strudyn.uva.es\\\/wp-content\\\/uploads\\\/2026\\\/02\\\/cropped-logod.png\",\"contentUrl\":\"https:\\\/\\\/www.strudyn.uva.es\\\/wp-content\\\/uploads\\\/2026\\\/02\\\/cropped-logod.png\",\"width\":966,\"height\":588,\"caption\":\"Din\u00e1mica estructural\"},\"image\":{\"@id\":\"https:\\\/\\\/www.strudyn.uva.es\\\/#\\\/schema\\\/logo\\\/image\\\/\"}}]}<\/script>\n<!-- \/ Yoast SEO plugin. -->","yoast_head_json":{"title":"\u00c1lvaro Magdaleno Gonz\u00e1lez - Grupo de Din\u00e1mica Estructural","robots":{"index":"index","follow":"follow","max-snippet":"max-snippet:-1","max-image-preview":"max-image-preview:large","max-video-preview":"max-video-preview:-1"},"canonical":"https:\/\/www.strudyn.uva.es\/en\/prueba\/miembros\/amg2\/","og_locale":"en_GB","og_type":"article","og_title":"\u00c1lvaro Magdaleno Gonz\u00e1lez - Grupo de Din\u00e1mica Estructural","og_description":"\u00c1lvaro Magdaleno Gonz\u00e1lez Breve CV Formado como investigador predoctoral FPU y postdoctoral Margarita Salas, actualmente es Profesor Ayudante Doctor en la Universidad de Valladolid. Ha colaborado activamente en varios proyectos competitivos nacionales y regionales y en numerosos proyectos no competitivos para distintas empresas. Cuenta en su haber con una decena de publicaciones en revistas de [&hellip;]","og_url":"https:\/\/www.strudyn.uva.es\/en\/prueba\/miembros\/amg2\/","og_site_name":"Grupo de Din\u00e1mica Estructural","article_modified_time":"2026-02-24T14:47:16+00:00","og_image":[{"url":"https:\/\/www.strudyn.uva.es\/wp-content\/uploads\/2026\/02\/cv.webp","type":"","width":"","height":""}],"twitter_card":"summary_large_image","twitter_misc":{"Estimated reading time":"2 minutes"},"schema":{"@context":"https:\/\/schema.org","@graph":[{"@type":"WebPage","@id":"https:\/\/www.strudyn.uva.es\/prueba\/miembros\/amg2\/","url":"https:\/\/www.strudyn.uva.es\/prueba\/miembros\/amg2\/","name":"\u00c1lvaro Magdaleno Gonz\u00e1lez - Grupo de Din\u00e1mica Estructural","isPartOf":{"@id":"https:\/\/www.strudyn.uva.es\/#website"},"primaryImageOfPage":{"@id":"https:\/\/www.strudyn.uva.es\/prueba\/miembros\/amg2\/#primaryimage"},"image":{"@id":"https:\/\/www.strudyn.uva.es\/prueba\/miembros\/amg2\/#primaryimage"},"thumbnailUrl":"https:\/\/www.strudyn.uva.es\/wp-content\/uploads\/2026\/02\/cv.webp","datePublished":"2023-06-20T16:00:31+00:00","dateModified":"2026-02-24T14:47:16+00:00","breadcrumb":{"@id":"https:\/\/www.strudyn.uva.es\/prueba\/miembros\/amg2\/#breadcrumb"},"inLanguage":"en-GB","potentialAction":[{"@type":"ReadAction","target":["https:\/\/www.strudyn.uva.es\/prueba\/miembros\/amg2\/"]}]},{"@type":"ImageObject","inLanguage":"en-GB","@id":"https:\/\/www.strudyn.uva.es\/prueba\/miembros\/amg2\/#primaryimage","url":"https:\/\/www.strudyn.uva.es\/wp-content\/uploads\/2026\/02\/cv.webp","contentUrl":"https:\/\/www.strudyn.uva.es\/wp-content\/uploads\/2026\/02\/cv.webp"},{"@type":"BreadcrumbList","@id":"https:\/\/www.strudyn.uva.es\/prueba\/miembros\/amg2\/#breadcrumb","itemListElement":[{"@type":"ListItem","position":1,"name":"Portada","item":"https:\/\/www.strudyn.uva.es\/"},{"@type":"ListItem","position":2,"name":"Inicio","item":"https:\/\/www.strudyn.uva.es\/"},{"@type":"ListItem","position":3,"name":"Miembros","item":"https:\/\/www.strudyn.uva.es\/prueba\/miembros\/"},{"@type":"ListItem","position":4,"name":"\u00c1lvaro Magdaleno Gonz\u00e1lez"}]},{"@type":"WebSite","@id":"https:\/\/www.strudyn.uva.es\/#website","url":"https:\/\/www.strudyn.uva.es\/","name":"Structrural Dynamics","description":"StruDyn","publisher":{"@id":"https:\/\/www.strudyn.uva.es\/#organization"},"potentialAction":[{"@type":"SearchAction","target":{"@type":"EntryPoint","urlTemplate":"https:\/\/www.strudyn.uva.es\/?s={search_term_string}"},"query-input":{"@type":"PropertyValueSpecification","valueRequired":true,"valueName":"search_term_string"}}],"inLanguage":"en-GB"},{"@type":"Organization","@id":"https:\/\/www.strudyn.uva.es\/#organization","name":"Structrural Dynamics","url":"https:\/\/www.strudyn.uva.es\/","logo":{"@type":"ImageObject","inLanguage":"en-GB","@id":"https:\/\/www.strudyn.uva.es\/#\/schema\/logo\/image\/","url":"https:\/\/www.strudyn.uva.es\/wp-content\/uploads\/2026\/02\/cropped-logod.png","contentUrl":"https:\/\/www.strudyn.uva.es\/wp-content\/uploads\/2026\/02\/cropped-logod.png","width":966,"height":588,"caption":"Din\u00e1mica estructural"},"image":{"@id":"https:\/\/www.strudyn.uva.es\/#\/schema\/logo\/image\/"}}]}},"_links":{"self":[{"href":"https:\/\/www.strudyn.uva.es\/en\/wp-json\/wp\/v2\/pages\/4001","targetHints":{"allow":["GET"]}}],"collection":[{"href":"https:\/\/www.strudyn.uva.es\/en\/wp-json\/wp\/v2\/pages"}],"about":[{"href":"https:\/\/www.strudyn.uva.es\/en\/wp-json\/wp\/v2\/types\/page"}],"author":[{"embeddable":true,"href":"https:\/\/www.strudyn.uva.es\/en\/wp-json\/wp\/v2\/users\/1"}],"replies":[{"embeddable":true,"href":"https:\/\/www.strudyn.uva.es\/en\/wp-json\/wp\/v2\/comments?post=4001"}],"version-history":[{"count":11,"href":"https:\/\/www.strudyn.uva.es\/en\/wp-json\/wp\/v2\/pages\/4001\/revisions"}],"predecessor-version":[{"id":6367,"href":"https:\/\/www.strudyn.uva.es\/en\/wp-json\/wp\/v2\/pages\/4001\/revisions\/6367"}],"up":[{"embeddable":true,"href":"https:\/\/www.strudyn.uva.es\/en\/wp-json\/wp\/v2\/pages\/55"}],"wp:attachment":[{"href":"https:\/\/www.strudyn.uva.es\/en\/wp-json\/wp\/v2\/media?parent=4001"}],"curies":[{"name":"wp","href":"https:\/\/api.w.org\/{rel}","templated":true}]}}