{"id":3991,"date":"2023-06-20T16:45:27","date_gmt":"2023-06-20T15:45:27","guid":{"rendered":"https:\/\/www.strudyn.uva.es\/?page_id=3991"},"modified":"2026-02-24T15:48:38","modified_gmt":"2026-02-24T14:48:38","slug":"aip2","status":"publish","type":"page","link":"https:\/\/www.strudyn.uva.es\/en\/prueba\/miembros\/aip2\/","title":{"rendered":"\u00c1lvaro Iglesias Pordomingo"},"content":{"rendered":"<div data-elementor-type=\"wp-page\" data-elementor-id=\"3991\" class=\"elementor elementor-3991\">\n\t\t\t\t\t\t<section class=\"elementor-section elementor-top-section elementor-element elementor-element-b2ad0f5 elementor-section-boxed elementor-section-height-default elementor-section-height-default\" data-id=\"b2ad0f5\" data-element_type=\"section\" data-e-type=\"section\">\n\t\t\t\t\t\t<div class=\"elementor-container elementor-column-gap-default\">\n\t\t\t\t\t<div class=\"elementor-column elementor-col-100 elementor-top-column elementor-element elementor-element-c6f9176\" data-id=\"c6f9176\" data-element_type=\"column\" data-e-type=\"column\">\n\t\t\t<div class=\"elementor-widget-wrap elementor-element-populated\">\n\t\t\t\t\t\t<div class=\"elementor-element elementor-element-eaf39ff elementor-widget elementor-widget-heading\" data-id=\"eaf39ff\" data-element_type=\"widget\" data-e-type=\"widget\" data-widget_type=\"heading.default\">\n\t\t\t\t<div class=\"elementor-widget-container\">\n\t\t\t\t\t<h2 class=\"elementor-heading-title elementor-size-xl\">\u00c1lvaro Iglesias Pordomingo<\/h2>\t\t\t\t<\/div>\n\t\t\t\t<\/div>\n\t\t\t\t\t<\/div>\n\t\t<\/div>\n\t\t\t\t\t<\/div>\n\t\t<\/section>\n\t\t\t\t<section class=\"elementor-section elementor-top-section elementor-element elementor-element-96bba5b elementor-section-boxed elementor-section-height-default elementor-section-height-default\" data-id=\"96bba5b\" data-element_type=\"section\" data-e-type=\"section\">\n\t\t\t\t\t\t<div class=\"elementor-container elementor-column-gap-no\">\n\t\t\t\t\t<div class=\"elementor-column elementor-col-50 elementor-top-column elementor-element elementor-element-67f4cb4\" data-id=\"67f4cb4\" data-element_type=\"column\" data-e-type=\"column\">\n\t\t\t<div class=\"elementor-widget-wrap elementor-element-populated\">\n\t\t\t\t\t\t<div class=\"elementor-element elementor-element-0cd993f elementor-widget elementor-widget-text-editor\" data-id=\"0cd993f\" data-element_type=\"widget\" data-e-type=\"widget\" data-widget_type=\"text-editor.default\">\n\t\t\t\t<div class=\"elementor-widget-container\">\n\t\t\t\t\t\t\t\t\t<p><span style=\"font-style: inherit; font-weight: inherit; color: var( --e-global-color-text ); font-family: var( --e-global-typography-text-font-family ), Sans-serif; background-color: var(--ast-global-color-5);\"><div class=\"su-button-center\"><a href=\"https:\/\/www.strudyn.uva.es\/en\/\" class=\"su-button su-button-style-glass\" style=\"color:#FFFFFF;background-color:#91111a;border-color:#740e15;border-radius:7px\" target=\"_self\"><span style=\"color:#FFFFFF;padding:7px 20px;font-size:16px;line-height:24px;border-color:#b2595f;border-radius:7px;text-shadow:none\"><img decoding=\"async\" src=\"\/\/www.itap.uva.es\/wp-content\/uploads\/2025\/02\/uva2.webp\" alt=\"Informaci\u00f3n UVa\" style=\"width:24px;height:24px\" \/> UVa information<\/span><\/a><\/div><\/span><\/p><p class=\"MsoNormal\">\u00a0<\/p>\t\t\t\t\t\t\t\t<\/div>\n\t\t\t\t<\/div>\n\t\t\t\t\t<\/div>\n\t\t<\/div>\n\t\t\t\t<div class=\"elementor-column elementor-col-50 elementor-top-column elementor-element elementor-element-bd016da\" data-id=\"bd016da\" data-element_type=\"column\" data-e-type=\"column\">\n\t\t\t<div class=\"elementor-widget-wrap elementor-element-populated\">\n\t\t\t\t\t\t<div class=\"elementor-element elementor-element-316aab0 elementor-widget elementor-widget-text-editor\" data-id=\"316aab0\" data-element_type=\"widget\" data-e-type=\"widget\" data-widget_type=\"text-editor.default\">\n\t\t\t\t<div class=\"elementor-widget-container\">\n\t\t\t\t\t\t\t\t\t<p><span style=\"font-style: inherit; font-weight: inherit; color: var( --e-global-color-text ); font-family: var( --e-global-typography-text-font-family ), Sans-serif; background-color: var(--ast-global-color-5);\"><div class=\"su-button-center\"><a href=\"https:\/\/www.strudyn.uva.es\/en\/\" class=\"su-button su-button-style-glass\" style=\"color:#FFFFFF;background-color:#8591dd;border-color:#6b74b1;border-radius:7px\" target=\"_self\"><span style=\"color:#FFFFFF;padding:7px 20px;font-size:16px;line-height:24px;border-color:#aab2e8;border-radius:7px;text-shadow:none\"><img decoding=\"async\" src=\"\/\/www.itap.uva.es\/wp-content\/uploads\/2025\/02\/prodinv.webp\" alt=\"Producci\u00f3n investigadora UVa\" style=\"width:24px;height:24px\" \/> UVa research production<\/span><\/a><\/div><\/span><\/p><p class=\"MsoNormal\">\u00a0<\/p>\t\t\t\t\t\t\t\t<\/div>\n\t\t\t\t<\/div>\n\t\t\t\t\t<\/div>\n\t\t<\/div>\n\t\t\t\t\t<\/div>\n\t\t<\/section>\n\t\t\t\t<section class=\"elementor-section elementor-top-section elementor-element elementor-element-665f17f elementor-section-boxed elementor-section-height-default elementor-section-height-default\" data-id=\"665f17f\" data-element_type=\"section\" data-e-type=\"section\">\n\t\t\t\t\t\t<div class=\"elementor-container elementor-column-gap-default\">\n\t\t\t\t\t<div class=\"elementor-column elementor-col-33 elementor-top-column elementor-element elementor-element-886ce5d\" data-id=\"886ce5d\" data-element_type=\"column\" data-e-type=\"column\">\n\t\t\t<div class=\"elementor-widget-wrap elementor-element-populated\">\n\t\t\t\t\t\t<div class=\"elementor-element elementor-element-7612949 elementor-widget elementor-widget-text-editor\" data-id=\"7612949\" data-element_type=\"widget\" data-e-type=\"widget\" data-widget_type=\"text-editor.default\">\n\t\t\t\t<div class=\"elementor-widget-container\">\n\t\t\t\t\t\t\t\t\t<p><img fetchpriority=\"high\" decoding=\"async\" class=\"aligncenter\" src=\"https:\/\/www.strudyn.uva.es\/wp-content\/uploads\/2026\/02\/cv.webp\" alt=\"\" width=\"280\" height=\"280\" \/><\/p><h3>\u00a0<\/h3><h3>Breve CV<\/h3><p>Investigador en formaci\u00f3n, contratado a trav\u00e9s del programa de ayudas FPU del Ministerio de Educaci\u00f3n y Formaci\u00f3n Profesional. Su trayectoria investigadora comenz\u00f3 durante el grado, colaborando en varios proyectos de investigaci\u00f3n en el \u00e1mbito de la ingenier\u00eda mec\u00e1nica. Durante sus estudios de m\u00e1ster recibi\u00f3 una beca de colaboraci\u00f3n y finalmente fue contratado como investigador para formarse en din\u00e1mica estructural, participando en congresos internacionales y art\u00edculos de revistas de impacto. Desde 2023 desarrolla su investigaci\u00f3n predoctoral en el Laboratorio de Estructuras y Construcciones Industriales de la Escuela de Ingenier\u00edas Industriales.<\/p><p>Enlace a ORCID: <a href=\"https:\/\/orcid.org\/0000-0002-7093-4568\">https:\/\/orcid.org\/0000-0002-7093-4568<\/a><\/p><p class=\"MsoNormal\">\u00a0<\/p>\t\t\t\t\t\t\t\t<\/div>\n\t\t\t\t<\/div>\n\t\t\t\t\t<\/div>\n\t\t<\/div>\n\t\t\t\t<div class=\"elementor-column elementor-col-33 elementor-top-column elementor-element elementor-element-833d27e\" data-id=\"833d27e\" data-element_type=\"column\" data-e-type=\"column\">\n\t\t\t<div class=\"elementor-widget-wrap elementor-element-populated\">\n\t\t\t\t\t\t<div class=\"elementor-element elementor-element-48fc3f4 elementor-widget elementor-widget-text-editor\" data-id=\"48fc3f4\" data-element_type=\"widget\" data-e-type=\"widget\" data-widget_type=\"text-editor.default\">\n\t\t\t\t<div class=\"elementor-widget-container\">\n\t\t\t\t\t\t\t\t\t<p><img decoding=\"async\" class=\"aligncenter size-full\" src=\"https:\/\/www.strudyn.uva.es\/wp-content\/uploads\/2026\/02\/doc1.webp\" alt=\"\" width=\"280\" height=\"280\" \/><\/p><p>\u00a0<\/p><p><span style=\"color: var(--ast-global-color-2); font-size: 1.66667rem; font-style: inherit; font-weight: 600; font-family: var( --e-global-typography-text-font-family ), Sans-serif; background-color: var(--ast-global-color-5);\">Teaching<\/span><\/p><p class=\"MsoNormal\">\u00a0<\/p>\t\t\t\t\t\t\t\t<\/div>\n\t\t\t\t<\/div>\n\t\t\t\t\t<\/div>\n\t\t<\/div>\n\t\t\t\t<div class=\"elementor-column elementor-col-33 elementor-top-column elementor-element elementor-element-0c71607\" data-id=\"0c71607\" data-element_type=\"column\" data-e-type=\"column\">\n\t\t\t<div class=\"elementor-widget-wrap elementor-element-populated\">\n\t\t\t\t\t\t<div class=\"elementor-element elementor-element-f0e4589 elementor-widget elementor-widget-text-editor\" data-id=\"f0e4589\" data-element_type=\"widget\" data-e-type=\"widget\" data-widget_type=\"text-editor.default\">\n\t\t\t\t<div class=\"elementor-widget-container\">\n\t\t\t\t\t\t\t\t\t<p><img decoding=\"async\" class=\"aligncenter size-full\" src=\"https:\/\/www.strudyn.uva.es\/wp-content\/uploads\/2026\/02\/invest.webp\" alt=\"\" width=\"280\" height=\"280\" \/><\/p><p>\u00a0<\/p><p><span style=\"color: var(--ast-global-color-2); font-size: 1.66667rem; font-style: inherit; font-weight: 600; font-family: var( --e-global-typography-text-font-family ), Sans-serif; background-color: var(--ast-global-color-5);\">Research<\/span><\/p><p>&#8211; Desarrollo, modelado y experimentaci\u00f3n de dispositivos de mitigaci\u00f3n de vibraciones y estudio de la interacci\u00f3n din\u00e1mica entre sistemas vibratorios.<\/p><p>&#8211; Desarrollo de t\u00e9cnicas aut\u00f3nomas de an\u00e1lisis modal para la evaluaci\u00f3n integral de estructuras esbeltas y monitorizaci\u00f3n de la salud estructural.<\/p><p>&#8211; B\u00fasqueda de m\u00e9todos low-cost de identificaci\u00f3n y caracterizaci\u00f3n del amortiguamiento y propiedades modales en sistemas din\u00e1micos.<\/p><p class=\"MsoNormal\">\u00a0<\/p>\t\t\t\t\t\t\t\t<\/div>\n\t\t\t\t<\/div>\n\t\t\t\t\t<\/div>\n\t\t<\/div>\n\t\t\t\t\t<\/div>\n\t\t<\/section>\n\t\t\t\t<\/div>","protected":false},"excerpt":{"rendered":"<p>\u00c1lvaro Iglesias Pordomingo Breve CV Investigador en formaci\u00f3n, contratado a trav\u00e9s del programa de ayudas FPU del Ministerio de Educaci\u00f3n y Formaci\u00f3n Profesional. Su trayectoria investigadora comenz\u00f3 durante el grado, colaborando en varios proyectos de investigaci\u00f3n en el \u00e1mbito de la ingenier\u00eda mec\u00e1nica. Durante sus estudios de m\u00e1ster recibi\u00f3 una beca de colaboraci\u00f3n y finalmente [&hellip;]<\/p>\n","protected":false},"author":1,"featured_media":0,"parent":55,"menu_order":0,"comment_status":"closed","ping_status":"closed","template":"elementor_header_footer","meta":{"site-sidebar-layout":"default","site-content-layout":"default","ast-site-content-layout":"default","site-content-style":"default","site-sidebar-style":"default","ast-global-header-display":"","ast-banner-title-visibility":"","ast-main-header-display":"","ast-hfb-above-header-display":"","ast-hfb-below-header-display":"","ast-hfb-mobile-header-display":"","site-post-title":"disabled","ast-breadcrumbs-content":"","ast-featured-img":"","footer-sml-layout":"","ast-disable-related-posts":"","theme-transparent-header-meta":"default","adv-header-id-meta":"","stick-header-meta":"","header-above-stick-meta":"","header-main-stick-meta":"","header-below-stick-meta":"","astra-migrate-meta-layouts":"set","ast-page-background-enabled":"default","ast-page-background-meta":{"desktop":{"background-color":"var(--ast-global-color-4)","background-image":"","background-repeat":"repeat","background-position":"center center","background-size":"auto","background-attachment":"scroll","background-type":"","background-media":"","overlay-type":"","overlay-color":"","overlay-opacity":"","overlay-gradient":""},"tablet":{"background-color":"","background-image":"","background-repeat":"repeat","background-position":"center center","background-size":"auto","background-attachment":"scroll","background-type":"","background-media":"","overlay-type":"","overlay-color":"","overlay-opacity":"","overlay-gradient":""},"mobile":{"background-color":"","background-image":"","background-repeat":"repeat","background-position":"center center","background-size":"auto","background-attachment":"scroll","background-type":"","background-media":"","overlay-type":"","overlay-color":"","overlay-opacity":"","overlay-gradient":""}},"ast-content-background-meta":{"desktop":{"background-color":"var(--ast-global-color-5)","background-image":"","background-repeat":"repeat","background-position":"center center","background-size":"auto","background-attachment":"scroll","background-type":"","background-media":"","overlay-type":"","overlay-color":"","overlay-opacity":"","overlay-gradient":""},"tablet":{"background-color":"var(--ast-global-color-5)","background-image":"","background-repeat":"repeat","background-position":"center center","background-size":"auto","background-attachment":"scroll","background-type":"","background-media":"","overlay-type":"","overlay-color":"","overlay-opacity":"","overlay-gradient":""},"mobile":{"background-color":"var(--ast-global-color-5)","background-image":"","background-repeat":"repeat","background-position":"center center","background-size":"auto","background-attachment":"scroll","background-type":"","background-media":"","overlay-type":"","overlay-color":"","overlay-opacity":"","overlay-gradient":""}},"footnotes":""},"class_list":["post-3991","page","type-page","status-publish","hentry"],"yoast_head":"<!-- This site is optimized with the Yoast SEO plugin v27.4 - https:\/\/yoast.com\/product\/yoast-seo-wordpress\/ -->\n<title>\u00c1lvaro Iglesias Pordomingo - Grupo de Din\u00e1mica Estructural<\/title>\n<meta name=\"robots\" content=\"index, follow, max-snippet:-1, max-image-preview:large, max-video-preview:-1\" \/>\n<link rel=\"canonical\" href=\"https:\/\/www.strudyn.uva.es\/en\/prueba\/miembros\/aip2\/\" \/>\n<meta property=\"og:locale\" content=\"en_GB\" \/>\n<meta property=\"og:type\" content=\"article\" \/>\n<meta property=\"og:title\" content=\"\u00c1lvaro Iglesias Pordomingo - Grupo de Din\u00e1mica Estructural\" \/>\n<meta property=\"og:description\" content=\"\u00c1lvaro Iglesias Pordomingo Breve CV Investigador en formaci\u00f3n, contratado a trav\u00e9s del programa de ayudas FPU del Ministerio de Educaci\u00f3n y Formaci\u00f3n Profesional. Su trayectoria investigadora comenz\u00f3 durante el grado, colaborando en varios proyectos de investigaci\u00f3n en el \u00e1mbito de la ingenier\u00eda mec\u00e1nica. Durante sus estudios de m\u00e1ster recibi\u00f3 una beca de colaboraci\u00f3n y finalmente [&hellip;]\" \/>\n<meta property=\"og:url\" content=\"https:\/\/www.strudyn.uva.es\/en\/prueba\/miembros\/aip2\/\" \/>\n<meta property=\"og:site_name\" content=\"Grupo de Din\u00e1mica Estructural\" \/>\n<meta property=\"article:modified_time\" content=\"2026-02-24T14:48:38+00:00\" \/>\n<meta property=\"og:image\" content=\"https:\/\/www.strudyn.uva.es\/wp-content\/uploads\/2026\/02\/cv.webp\" \/>\n<meta name=\"twitter:card\" content=\"summary_large_image\" \/>\n<meta name=\"twitter:label1\" content=\"Estimated reading time\" \/>\n\t<meta name=\"twitter:data1\" content=\"2 minutes\" \/>\n<script type=\"application\/ld+json\" class=\"yoast-schema-graph\">{\"@context\":\"https:\\\/\\\/schema.org\",\"@graph\":[{\"@type\":\"WebPage\",\"@id\":\"https:\\\/\\\/www.strudyn.uva.es\\\/prueba\\\/miembros\\\/aip2\\\/\",\"url\":\"https:\\\/\\\/www.strudyn.uva.es\\\/prueba\\\/miembros\\\/aip2\\\/\",\"name\":\"\u00c1lvaro Iglesias Pordomingo - Grupo de Din\u00e1mica Estructural\",\"isPartOf\":{\"@id\":\"https:\\\/\\\/www.strudyn.uva.es\\\/#website\"},\"primaryImageOfPage\":{\"@id\":\"https:\\\/\\\/www.strudyn.uva.es\\\/prueba\\\/miembros\\\/aip2\\\/#primaryimage\"},\"image\":{\"@id\":\"https:\\\/\\\/www.strudyn.uva.es\\\/prueba\\\/miembros\\\/aip2\\\/#primaryimage\"},\"thumbnailUrl\":\"https:\\\/\\\/www.strudyn.uva.es\\\/wp-content\\\/uploads\\\/2026\\\/02\\\/cv.webp\",\"datePublished\":\"2023-06-20T15:45:27+00:00\",\"dateModified\":\"2026-02-24T14:48:38+00:00\",\"breadcrumb\":{\"@id\":\"https:\\\/\\\/www.strudyn.uva.es\\\/prueba\\\/miembros\\\/aip2\\\/#breadcrumb\"},\"inLanguage\":\"en-GB\",\"potentialAction\":[{\"@type\":\"ReadAction\",\"target\":[\"https:\\\/\\\/www.strudyn.uva.es\\\/prueba\\\/miembros\\\/aip2\\\/\"]}]},{\"@type\":\"ImageObject\",\"inLanguage\":\"en-GB\",\"@id\":\"https:\\\/\\\/www.strudyn.uva.es\\\/prueba\\\/miembros\\\/aip2\\\/#primaryimage\",\"url\":\"https:\\\/\\\/www.strudyn.uva.es\\\/wp-content\\\/uploads\\\/2026\\\/02\\\/cv.webp\",\"contentUrl\":\"https:\\\/\\\/www.strudyn.uva.es\\\/wp-content\\\/uploads\\\/2026\\\/02\\\/cv.webp\"},{\"@type\":\"BreadcrumbList\",\"@id\":\"https:\\\/\\\/www.strudyn.uva.es\\\/prueba\\\/miembros\\\/aip2\\\/#breadcrumb\",\"itemListElement\":[{\"@type\":\"ListItem\",\"position\":1,\"name\":\"Portada\",\"item\":\"https:\\\/\\\/www.strudyn.uva.es\\\/\"},{\"@type\":\"ListItem\",\"position\":2,\"name\":\"Inicio\",\"item\":\"https:\\\/\\\/www.strudyn.uva.es\\\/\"},{\"@type\":\"ListItem\",\"position\":3,\"name\":\"Miembros\",\"item\":\"https:\\\/\\\/www.strudyn.uva.es\\\/prueba\\\/miembros\\\/\"},{\"@type\":\"ListItem\",\"position\":4,\"name\":\"\u00c1lvaro Iglesias Pordomingo\"}]},{\"@type\":\"WebSite\",\"@id\":\"https:\\\/\\\/www.strudyn.uva.es\\\/#website\",\"url\":\"https:\\\/\\\/www.strudyn.uva.es\\\/\",\"name\":\"Din\u00e1mica estructural\",\"description\":\"StruDyn\",\"publisher\":{\"@id\":\"https:\\\/\\\/www.strudyn.uva.es\\\/#organization\"},\"potentialAction\":[{\"@type\":\"SearchAction\",\"target\":{\"@type\":\"EntryPoint\",\"urlTemplate\":\"https:\\\/\\\/www.strudyn.uva.es\\\/?s={search_term_string}\"},\"query-input\":{\"@type\":\"PropertyValueSpecification\",\"valueRequired\":true,\"valueName\":\"search_term_string\"}}],\"inLanguage\":\"en-GB\"},{\"@type\":\"Organization\",\"@id\":\"https:\\\/\\\/www.strudyn.uva.es\\\/#organization\",\"name\":\"Din\u00e1mica estructural\",\"url\":\"https:\\\/\\\/www.strudyn.uva.es\\\/\",\"logo\":{\"@type\":\"ImageObject\",\"inLanguage\":\"en-GB\",\"@id\":\"https:\\\/\\\/www.strudyn.uva.es\\\/#\\\/schema\\\/logo\\\/image\\\/\",\"url\":\"https:\\\/\\\/www.strudyn.uva.es\\\/wp-content\\\/uploads\\\/2026\\\/02\\\/cropped-logod.png\",\"contentUrl\":\"https:\\\/\\\/www.strudyn.uva.es\\\/wp-content\\\/uploads\\\/2026\\\/02\\\/cropped-logod.png\",\"width\":966,\"height\":588,\"caption\":\"Din\u00e1mica estructural\"},\"image\":{\"@id\":\"https:\\\/\\\/www.strudyn.uva.es\\\/#\\\/schema\\\/logo\\\/image\\\/\"}}]}<\/script>\n<!-- \/ Yoast SEO plugin. -->","yoast_head_json":{"title":"\u00c1lvaro Iglesias Pordomingo - Grupo de Din\u00e1mica Estructural","robots":{"index":"index","follow":"follow","max-snippet":"max-snippet:-1","max-image-preview":"max-image-preview:large","max-video-preview":"max-video-preview:-1"},"canonical":"https:\/\/www.strudyn.uva.es\/en\/prueba\/miembros\/aip2\/","og_locale":"en_GB","og_type":"article","og_title":"\u00c1lvaro Iglesias Pordomingo - Grupo de Din\u00e1mica Estructural","og_description":"\u00c1lvaro Iglesias Pordomingo Breve CV Investigador en formaci\u00f3n, contratado a trav\u00e9s del programa de ayudas FPU del Ministerio de Educaci\u00f3n y Formaci\u00f3n Profesional. Su trayectoria investigadora comenz\u00f3 durante el grado, colaborando en varios proyectos de investigaci\u00f3n en el \u00e1mbito de la ingenier\u00eda mec\u00e1nica. Durante sus estudios de m\u00e1ster recibi\u00f3 una beca de colaboraci\u00f3n y finalmente [&hellip;]","og_url":"https:\/\/www.strudyn.uva.es\/en\/prueba\/miembros\/aip2\/","og_site_name":"Grupo de Din\u00e1mica Estructural","article_modified_time":"2026-02-24T14:48:38+00:00","og_image":[{"url":"https:\/\/www.strudyn.uva.es\/wp-content\/uploads\/2026\/02\/cv.webp","type":"","width":"","height":""}],"twitter_card":"summary_large_image","twitter_misc":{"Estimated reading time":"2 minutes"},"schema":{"@context":"https:\/\/schema.org","@graph":[{"@type":"WebPage","@id":"https:\/\/www.strudyn.uva.es\/prueba\/miembros\/aip2\/","url":"https:\/\/www.strudyn.uva.es\/prueba\/miembros\/aip2\/","name":"\u00c1lvaro Iglesias Pordomingo - Grupo de Din\u00e1mica Estructural","isPartOf":{"@id":"https:\/\/www.strudyn.uva.es\/#website"},"primaryImageOfPage":{"@id":"https:\/\/www.strudyn.uva.es\/prueba\/miembros\/aip2\/#primaryimage"},"image":{"@id":"https:\/\/www.strudyn.uva.es\/prueba\/miembros\/aip2\/#primaryimage"},"thumbnailUrl":"https:\/\/www.strudyn.uva.es\/wp-content\/uploads\/2026\/02\/cv.webp","datePublished":"2023-06-20T15:45:27+00:00","dateModified":"2026-02-24T14:48:38+00:00","breadcrumb":{"@id":"https:\/\/www.strudyn.uva.es\/prueba\/miembros\/aip2\/#breadcrumb"},"inLanguage":"en-GB","potentialAction":[{"@type":"ReadAction","target":["https:\/\/www.strudyn.uva.es\/prueba\/miembros\/aip2\/"]}]},{"@type":"ImageObject","inLanguage":"en-GB","@id":"https:\/\/www.strudyn.uva.es\/prueba\/miembros\/aip2\/#primaryimage","url":"https:\/\/www.strudyn.uva.es\/wp-content\/uploads\/2026\/02\/cv.webp","contentUrl":"https:\/\/www.strudyn.uva.es\/wp-content\/uploads\/2026\/02\/cv.webp"},{"@type":"BreadcrumbList","@id":"https:\/\/www.strudyn.uva.es\/prueba\/miembros\/aip2\/#breadcrumb","itemListElement":[{"@type":"ListItem","position":1,"name":"Portada","item":"https:\/\/www.strudyn.uva.es\/"},{"@type":"ListItem","position":2,"name":"Inicio","item":"https:\/\/www.strudyn.uva.es\/"},{"@type":"ListItem","position":3,"name":"Miembros","item":"https:\/\/www.strudyn.uva.es\/prueba\/miembros\/"},{"@type":"ListItem","position":4,"name":"\u00c1lvaro Iglesias Pordomingo"}]},{"@type":"WebSite","@id":"https:\/\/www.strudyn.uva.es\/#website","url":"https:\/\/www.strudyn.uva.es\/","name":"Structrural Dynamics","description":"StruDyn","publisher":{"@id":"https:\/\/www.strudyn.uva.es\/#organization"},"potentialAction":[{"@type":"SearchAction","target":{"@type":"EntryPoint","urlTemplate":"https:\/\/www.strudyn.uva.es\/?s={search_term_string}"},"query-input":{"@type":"PropertyValueSpecification","valueRequired":true,"valueName":"search_term_string"}}],"inLanguage":"en-GB"},{"@type":"Organization","@id":"https:\/\/www.strudyn.uva.es\/#organization","name":"Structrural Dynamics","url":"https:\/\/www.strudyn.uva.es\/","logo":{"@type":"ImageObject","inLanguage":"en-GB","@id":"https:\/\/www.strudyn.uva.es\/#\/schema\/logo\/image\/","url":"https:\/\/www.strudyn.uva.es\/wp-content\/uploads\/2026\/02\/cropped-logod.png","contentUrl":"https:\/\/www.strudyn.uva.es\/wp-content\/uploads\/2026\/02\/cropped-logod.png","width":966,"height":588,"caption":"Din\u00e1mica estructural"},"image":{"@id":"https:\/\/www.strudyn.uva.es\/#\/schema\/logo\/image\/"}}]}},"_links":{"self":[{"href":"https:\/\/www.strudyn.uva.es\/en\/wp-json\/wp\/v2\/pages\/3991","targetHints":{"allow":["GET"]}}],"collection":[{"href":"https:\/\/www.strudyn.uva.es\/en\/wp-json\/wp\/v2\/pages"}],"about":[{"href":"https:\/\/www.strudyn.uva.es\/en\/wp-json\/wp\/v2\/types\/page"}],"author":[{"embeddable":true,"href":"https:\/\/www.strudyn.uva.es\/en\/wp-json\/wp\/v2\/users\/1"}],"replies":[{"embeddable":true,"href":"https:\/\/www.strudyn.uva.es\/en\/wp-json\/wp\/v2\/comments?post=3991"}],"version-history":[{"count":11,"href":"https:\/\/www.strudyn.uva.es\/en\/wp-json\/wp\/v2\/pages\/3991\/revisions"}],"predecessor-version":[{"id":6371,"href":"https:\/\/www.strudyn.uva.es\/en\/wp-json\/wp\/v2\/pages\/3991\/revisions\/6371"}],"up":[{"embeddable":true,"href":"https:\/\/www.strudyn.uva.es\/en\/wp-json\/wp\/v2\/pages\/55"}],"wp:attachment":[{"href":"https:\/\/www.strudyn.uva.es\/en\/wp-json\/wp\/v2\/media?parent=3991"}],"curies":[{"name":"wp","href":"https:\/\/api.w.org\/{rel}","templated":true}]}}