{"id":3912,"date":"2023-06-19T18:30:35","date_gmt":"2023-06-19T17:30:35","guid":{"rendered":"https:\/\/www.strudyn.uva.es\/?page_id=3912"},"modified":"2026-02-24T15:49:25","modified_gmt":"2026-02-24T14:49:25","slug":"gfo2","status":"publish","type":"page","link":"https:\/\/www.strudyn.uva.es\/en\/prueba\/miembros\/gfo2\/","title":{"rendered":"Guillermo Fern\u00e1ndez Ord\u00f3nez"},"content":{"rendered":"<div data-elementor-type=\"wp-page\" data-elementor-id=\"3912\" class=\"elementor elementor-3912\">\n\t\t\t\t\t\t<section class=\"elementor-section elementor-top-section elementor-element elementor-element-7b69ef5 elementor-section-boxed elementor-section-height-default elementor-section-height-default\" data-id=\"7b69ef5\" data-element_type=\"section\" data-e-type=\"section\">\n\t\t\t\t\t\t<div class=\"elementor-container elementor-column-gap-default\">\n\t\t\t\t\t<div class=\"elementor-column elementor-col-100 elementor-top-column elementor-element elementor-element-37a9964\" data-id=\"37a9964\" data-element_type=\"column\" data-e-type=\"column\">\n\t\t\t<div class=\"elementor-widget-wrap elementor-element-populated\">\n\t\t\t\t\t\t<div class=\"elementor-element elementor-element-dcee3cd elementor-widget elementor-widget-image\" data-id=\"dcee3cd\" data-element_type=\"widget\" data-e-type=\"widget\" data-widget_type=\"image.default\">\n\t\t\t\t<div class=\"elementor-widget-container\">\n\t\t\t\t\t\t\t\t\t\t\t\t\t\t\t<img fetchpriority=\"high\" decoding=\"async\" width=\"262\" height=\"259\" src=\"https:\/\/www.strudyn.uva.es\/wp-content\/uploads\/2026\/02\/guille.png\" class=\"attachment-large size-large wp-image-6309\" alt=\"\" srcset=\"https:\/\/www.strudyn.uva.es\/wp-content\/uploads\/2026\/02\/guille.png 262w, https:\/\/www.strudyn.uva.es\/wp-content\/uploads\/2026\/02\/guille-12x12.png 12w\" sizes=\"(max-width: 262px) 100vw, 262px\" \/>\t\t\t\t\t\t\t\t\t\t\t\t\t\t\t<\/div>\n\t\t\t\t<\/div>\n\t\t\t\t\t<\/div>\n\t\t<\/div>\n\t\t\t\t\t<\/div>\n\t\t<\/section>\n\t\t\t\t<section class=\"elementor-section elementor-top-section elementor-element elementor-element-7dfc1e1 elementor-section-boxed elementor-section-height-default elementor-section-height-default\" data-id=\"7dfc1e1\" data-element_type=\"section\" data-e-type=\"section\">\n\t\t\t\t\t\t<div class=\"elementor-container elementor-column-gap-default\">\n\t\t\t\t\t<div class=\"elementor-column elementor-col-100 elementor-top-column elementor-element elementor-element-3fee25e\" data-id=\"3fee25e\" data-element_type=\"column\" data-e-type=\"column\">\n\t\t\t<div class=\"elementor-widget-wrap elementor-element-populated\">\n\t\t\t\t\t\t<div class=\"elementor-element elementor-element-0e2b496 elementor-widget elementor-widget-heading\" data-id=\"0e2b496\" data-element_type=\"widget\" data-e-type=\"widget\" data-widget_type=\"heading.default\">\n\t\t\t\t<div class=\"elementor-widget-container\">\n\t\t\t\t\t<h2 class=\"elementor-heading-title elementor-size-xl\">Guillermo Fern\u00e1ndez Ord\u00f3\u00f1ez<\/h2>\t\t\t\t<\/div>\n\t\t\t\t<\/div>\n\t\t\t\t\t<\/div>\n\t\t<\/div>\n\t\t\t\t\t<\/div>\n\t\t<\/section>\n\t\t\t\t<section class=\"elementor-section elementor-top-section elementor-element elementor-element-28ddc9d elementor-section-boxed elementor-section-height-default elementor-section-height-default\" data-id=\"28ddc9d\" data-element_type=\"section\" data-e-type=\"section\">\n\t\t\t\t\t\t<div class=\"elementor-container elementor-column-gap-no\">\n\t\t\t\t\t<div class=\"elementor-column elementor-col-50 elementor-top-column elementor-element elementor-element-c37d9f8\" data-id=\"c37d9f8\" data-element_type=\"column\" data-e-type=\"column\">\n\t\t\t<div class=\"elementor-widget-wrap elementor-element-populated\">\n\t\t\t\t\t\t<div class=\"elementor-element elementor-element-d81dd26 elementor-widget elementor-widget-text-editor\" data-id=\"d81dd26\" data-element_type=\"widget\" data-e-type=\"widget\" data-widget_type=\"text-editor.default\">\n\t\t\t\t<div class=\"elementor-widget-container\">\n\t\t\t\t\t\t\t\t\t<p><span style=\"font-style: inherit; font-weight: inherit; color: var( --e-global-color-text ); font-family: var( --e-global-typography-text-font-family ), Sans-serif; background-color: var(--ast-global-color-5);\"><div class=\"su-button-center\"><a href=\"https:\/\/www.strudyn.uva.es\/en\/\" class=\"su-button su-button-style-glass\" style=\"color:#FFFFFF;background-color:#91111a;border-color:#740e15;border-radius:7px\" target=\"_self\"><span style=\"color:#FFFFFF;padding:7px 20px;font-size:16px;line-height:24px;border-color:#b2595f;border-radius:7px;text-shadow:none\"><img decoding=\"async\" src=\"\/\/www.itap.uva.es\/wp-content\/uploads\/2025\/02\/uva2.webp\" alt=\"Informaci\u00f3n UVa\" style=\"width:24px;height:24px\" \/> UVa information<\/span><\/a><\/div><\/span><\/p><p class=\"MsoNormal\">\u00a0<\/p>\t\t\t\t\t\t\t\t<\/div>\n\t\t\t\t<\/div>\n\t\t\t\t\t<\/div>\n\t\t<\/div>\n\t\t\t\t<div class=\"elementor-column elementor-col-50 elementor-top-column elementor-element elementor-element-65aed52\" data-id=\"65aed52\" data-element_type=\"column\" data-e-type=\"column\">\n\t\t\t<div class=\"elementor-widget-wrap elementor-element-populated\">\n\t\t\t\t\t\t<div class=\"elementor-element elementor-element-f25435b elementor-widget elementor-widget-text-editor\" data-id=\"f25435b\" data-element_type=\"widget\" data-e-type=\"widget\" data-widget_type=\"text-editor.default\">\n\t\t\t\t<div class=\"elementor-widget-container\">\n\t\t\t\t\t\t\t\t\t<p><span style=\"font-style: inherit; font-weight: inherit; color: var( --e-global-color-text ); font-family: var( --e-global-typography-text-font-family ), Sans-serif; background-color: var(--ast-global-color-5);\"><div class=\"su-button-center\"><a href=\"https:\/\/www.strudyn.uva.es\/en\/\" class=\"su-button su-button-style-glass\" style=\"color:#FFFFFF;background-color:#8591dd;border-color:#6b74b1;border-radius:7px\" target=\"_self\"><span style=\"color:#FFFFFF;padding:7px 20px;font-size:16px;line-height:24px;border-color:#aab2e8;border-radius:7px;text-shadow:none\"><img decoding=\"async\" src=\"\/\/www.itap.uva.es\/wp-content\/uploads\/2025\/02\/prodinv.webp\" alt=\"Producci\u00f3n investigadora UVa\" style=\"width:24px;height:24px\" \/> UVa research production<\/span><\/a><\/div><\/span><\/p><p class=\"MsoNormal\">\u00a0<\/p>\t\t\t\t\t\t\t\t<\/div>\n\t\t\t\t<\/div>\n\t\t\t\t\t<\/div>\n\t\t<\/div>\n\t\t\t\t\t<\/div>\n\t\t<\/section>\n\t\t\t\t<section class=\"elementor-section elementor-top-section elementor-element elementor-element-665f17f elementor-section-boxed elementor-section-height-default elementor-section-height-default\" data-id=\"665f17f\" data-element_type=\"section\" data-e-type=\"section\">\n\t\t\t\t\t\t<div class=\"elementor-container elementor-column-gap-default\">\n\t\t\t\t\t<div class=\"elementor-column elementor-col-100 elementor-top-column elementor-element elementor-element-833d27e\" data-id=\"833d27e\" data-element_type=\"column\" data-e-type=\"column\">\n\t\t\t<div class=\"elementor-widget-wrap elementor-element-populated\">\n\t\t\t\t\t\t<div class=\"elementor-element elementor-element-48fc3f4 elementor-widget-tablet__width-initial elementor-widget elementor-widget-text-editor\" data-id=\"48fc3f4\" data-element_type=\"widget\" data-e-type=\"widget\" data-widget_type=\"text-editor.default\">\n\t\t\t\t<div class=\"elementor-widget-container\">\n\t\t\t\t\t\t\t\t\t<p><strong><strong>SHORT BIO &amp; CV<\/strong><\/strong><\/p><p>Guillermo Fern\u00e1ndez (born 2000, Miranda de Ebro, Spain) is a PhD student and researcher in the Industrial Engineering Doctoral Program at the University of Valladolid. He has been a member of the Structural Dynamics Research Group (STRUDYN) at the School of Industrial Engineering since 2022. His research mainly focused on structural dynamics and engineering applications of numerical and stochastic methods. In his free time, he loves travelling and he\u2019s been a Lego\u00ae collector for more than 20 years.<\/p><p>CV<\/p><ul><li>PhD student in Industrial Engineering (expected completion: 2028).<\/li><li>BSc in Mechanical Engineering (2022) and MSc in Industrial Engineering (2024), University of Valladolid.<\/li><li>Graduated with the second-highest academic record in both degrees.<\/li><li>Bachelor\u2019s Thesis awarded <em>Best Final Degree Research Project<\/em> of the School of Industrial Engineering (2022).<\/li><li>Master\u2019s Thesis awarded with distinction; basis of current PhD research.\n \tFormer recipient of a part-time research scholarship from the Spanish Ministry of Education.\n \tAuthor of several JCR-indexed journal publications and contributor to international research conferences.<\/li><\/ul><p>ORCID: <a href=\"https:\/\/orcid.org\/0009-0007-5442-924X\">https:\/\/orcid.org\/0009-0007-5442-924X<\/a><\/p><p><strong>TEACHING<\/strong><\/p><p class=\"translation-block\"><em>Industrial Structures and Constructions<\/em>, starting 2026\u20132027 (4th year, Bachelor\u2019s Degree in Mechanical Engineering).<\/p><p><strong>RESEARCH<\/strong><\/p><ul><li>Stochastic characterization and modeling of human induced loads on slender structures;<\/li><li>Reproduction and simulation of random pedestrian force signals;<\/li><li>Structural dynamics and vibration serviceability;<\/li><li>Passive vibration mitigation techniques;<\/li><li>Experimental Modal Analysis;<\/li><li>Structural Health Monitoring, including laboratory and field testing.<\/li><\/ul><div>\u00a0<\/div><div>\u00a0<\/div>\t\t\t\t\t\t\t\t<\/div>\n\t\t\t\t<\/div>\n\t\t\t\t\t<\/div>\n\t\t<\/div>\n\t\t\t\t\t<\/div>\n\t\t<\/section>\n\t\t\t\t<\/div>","protected":false},"excerpt":{"rendered":"<p>Guillermo Fern\u00e1ndez Ord\u00f3\u00f1ez BREVE BIO &amp; CV Guillermo Fern\u00e1ndez (2000, Miranda de Ebro, Espa\u00f1a) es investigador y estudiante de Doctorado en la Escuela de Ingenier\u00edas Industriales de la Universidad de Valladolid. Pertenece al Grupo de Din\u00e1mica Estructural (STRUDYN) desde 2022, en donde trabaja como ingeniero industrial a tiempo completo. Sus principales l\u00edneas de investigaci\u00f3n se [&hellip;]<\/p>\n","protected":false},"author":1,"featured_media":0,"parent":55,"menu_order":0,"comment_status":"closed","ping_status":"closed","template":"elementor_header_footer","meta":{"site-sidebar-layout":"default","site-content-layout":"default","ast-site-content-layout":"default","site-content-style":"default","site-sidebar-style":"default","ast-global-header-display":"","ast-banner-title-visibility":"","ast-main-header-display":"","ast-hfb-above-header-display":"","ast-hfb-below-header-display":"","ast-hfb-mobile-header-display":"","site-post-title":"disabled","ast-breadcrumbs-content":"","ast-featured-img":"","footer-sml-layout":"","ast-disable-related-posts":"","theme-transparent-header-meta":"default","adv-header-id-meta":"","stick-header-meta":"","header-above-stick-meta":"","header-main-stick-meta":"","header-below-stick-meta":"","astra-migrate-meta-layouts":"set","ast-page-background-enabled":"default","ast-page-background-meta":{"desktop":{"background-color":"var(--ast-global-color-4)","background-image":"","background-repeat":"repeat","background-position":"center center","background-size":"auto","background-attachment":"scroll","background-type":"","background-media":"","overlay-type":"","overlay-color":"","overlay-opacity":"","overlay-gradient":""},"tablet":{"background-color":"","background-image":"","background-repeat":"repeat","background-position":"center center","background-size":"auto","background-attachment":"scroll","background-type":"","background-media":"","overlay-type":"","overlay-color":"","overlay-opacity":"","overlay-gradient":""},"mobile":{"background-color":"","background-image":"","background-repeat":"repeat","background-position":"center center","background-size":"auto","background-attachment":"scroll","background-type":"","background-media":"","overlay-type":"","overlay-color":"","overlay-opacity":"","overlay-gradient":""}},"ast-content-background-meta":{"desktop":{"background-color":"var(--ast-global-color-5)","background-image":"","background-repeat":"repeat","background-position":"center center","background-size":"auto","background-attachment":"scroll","background-type":"","background-media":"","overlay-type":"","overlay-color":"","overlay-opacity":"","overlay-gradient":""},"tablet":{"background-color":"var(--ast-global-color-5)","background-image":"","background-repeat":"repeat","background-position":"center center","background-size":"auto","background-attachment":"scroll","background-type":"","background-media":"","overlay-type":"","overlay-color":"","overlay-opacity":"","overlay-gradient":""},"mobile":{"background-color":"var(--ast-global-color-5)","background-image":"","background-repeat":"repeat","background-position":"center center","background-size":"auto","background-attachment":"scroll","background-type":"","background-media":"","overlay-type":"","overlay-color":"","overlay-opacity":"","overlay-gradient":""}},"footnotes":""},"class_list":["post-3912","page","type-page","status-publish","hentry"],"yoast_head":"<!-- This site is optimized with the Yoast SEO plugin v27.4 - https:\/\/yoast.com\/product\/yoast-seo-wordpress\/ -->\n<title>Guillermo Fern\u00e1ndez Ord\u00f3nez - Grupo de Din\u00e1mica Estructural<\/title>\n<meta name=\"robots\" content=\"index, follow, max-snippet:-1, max-image-preview:large, max-video-preview:-1\" \/>\n<link rel=\"canonical\" href=\"https:\/\/www.strudyn.uva.es\/en\/prueba\/miembros\/gfo2\/\" \/>\n<meta property=\"og:locale\" content=\"en_GB\" \/>\n<meta property=\"og:type\" content=\"article\" \/>\n<meta property=\"og:title\" content=\"Guillermo Fern\u00e1ndez Ord\u00f3nez - Grupo de Din\u00e1mica Estructural\" \/>\n<meta property=\"og:description\" content=\"Guillermo Fern\u00e1ndez Ord\u00f3\u00f1ez BREVE BIO &amp; CV Guillermo Fern\u00e1ndez (2000, Miranda de Ebro, Espa\u00f1a) es investigador y estudiante de Doctorado en la Escuela de Ingenier\u00edas Industriales de la Universidad de Valladolid. Pertenece al Grupo de Din\u00e1mica Estructural (STRUDYN) desde 2022, en donde trabaja como ingeniero industrial a tiempo completo. Sus principales l\u00edneas de investigaci\u00f3n se [&hellip;]\" \/>\n<meta property=\"og:url\" content=\"https:\/\/www.strudyn.uva.es\/en\/prueba\/miembros\/gfo2\/\" \/>\n<meta property=\"og:site_name\" content=\"Grupo de Din\u00e1mica Estructural\" \/>\n<meta property=\"article:modified_time\" content=\"2026-02-24T14:49:25+00:00\" \/>\n<meta property=\"og:image\" content=\"https:\/\/www.strudyn.uva.es\/wp-content\/uploads\/2026\/02\/guille.png\" \/>\n<meta name=\"twitter:card\" content=\"summary_large_image\" \/>\n<meta name=\"twitter:label1\" content=\"Estimated reading time\" \/>\n\t<meta name=\"twitter:data1\" content=\"2 minutes\" \/>\n<script type=\"application\/ld+json\" class=\"yoast-schema-graph\">{\"@context\":\"https:\\\/\\\/schema.org\",\"@graph\":[{\"@type\":\"WebPage\",\"@id\":\"https:\\\/\\\/www.strudyn.uva.es\\\/prueba\\\/miembros\\\/gfo2\\\/\",\"url\":\"https:\\\/\\\/www.strudyn.uva.es\\\/prueba\\\/miembros\\\/gfo2\\\/\",\"name\":\"Guillermo Fern\u00e1ndez Ord\u00f3nez - Grupo de Din\u00e1mica Estructural\",\"isPartOf\":{\"@id\":\"https:\\\/\\\/www.strudyn.uva.es\\\/#website\"},\"primaryImageOfPage\":{\"@id\":\"https:\\\/\\\/www.strudyn.uva.es\\\/prueba\\\/miembros\\\/gfo2\\\/#primaryimage\"},\"image\":{\"@id\":\"https:\\\/\\\/www.strudyn.uva.es\\\/prueba\\\/miembros\\\/gfo2\\\/#primaryimage\"},\"thumbnailUrl\":\"https:\\\/\\\/www.strudyn.uva.es\\\/wp-content\\\/uploads\\\/2026\\\/02\\\/guille.png\",\"datePublished\":\"2023-06-19T17:30:35+00:00\",\"dateModified\":\"2026-02-24T14:49:25+00:00\",\"breadcrumb\":{\"@id\":\"https:\\\/\\\/www.strudyn.uva.es\\\/prueba\\\/miembros\\\/gfo2\\\/#breadcrumb\"},\"inLanguage\":\"en-GB\",\"potentialAction\":[{\"@type\":\"ReadAction\",\"target\":[\"https:\\\/\\\/www.strudyn.uva.es\\\/prueba\\\/miembros\\\/gfo2\\\/\"]}]},{\"@type\":\"ImageObject\",\"inLanguage\":\"en-GB\",\"@id\":\"https:\\\/\\\/www.strudyn.uva.es\\\/prueba\\\/miembros\\\/gfo2\\\/#primaryimage\",\"url\":\"https:\\\/\\\/www.strudyn.uva.es\\\/wp-content\\\/uploads\\\/2026\\\/02\\\/guille.png\",\"contentUrl\":\"https:\\\/\\\/www.strudyn.uva.es\\\/wp-content\\\/uploads\\\/2026\\\/02\\\/guille.png\"},{\"@type\":\"BreadcrumbList\",\"@id\":\"https:\\\/\\\/www.strudyn.uva.es\\\/prueba\\\/miembros\\\/gfo2\\\/#breadcrumb\",\"itemListElement\":[{\"@type\":\"ListItem\",\"position\":1,\"name\":\"Portada\",\"item\":\"https:\\\/\\\/www.strudyn.uva.es\\\/\"},{\"@type\":\"ListItem\",\"position\":2,\"name\":\"Inicio\",\"item\":\"https:\\\/\\\/www.strudyn.uva.es\\\/\"},{\"@type\":\"ListItem\",\"position\":3,\"name\":\"Miembros\",\"item\":\"https:\\\/\\\/www.strudyn.uva.es\\\/prueba\\\/miembros\\\/\"},{\"@type\":\"ListItem\",\"position\":4,\"name\":\"Guillermo Fern\u00e1ndez Ord\u00f3nez\"}]},{\"@type\":\"WebSite\",\"@id\":\"https:\\\/\\\/www.strudyn.uva.es\\\/#website\",\"url\":\"https:\\\/\\\/www.strudyn.uva.es\\\/\",\"name\":\"Din\u00e1mica estructural\",\"description\":\"StruDyn\",\"publisher\":{\"@id\":\"https:\\\/\\\/www.strudyn.uva.es\\\/#organization\"},\"potentialAction\":[{\"@type\":\"SearchAction\",\"target\":{\"@type\":\"EntryPoint\",\"urlTemplate\":\"https:\\\/\\\/www.strudyn.uva.es\\\/?s={search_term_string}\"},\"query-input\":{\"@type\":\"PropertyValueSpecification\",\"valueRequired\":true,\"valueName\":\"search_term_string\"}}],\"inLanguage\":\"en-GB\"},{\"@type\":\"Organization\",\"@id\":\"https:\\\/\\\/www.strudyn.uva.es\\\/#organization\",\"name\":\"Din\u00e1mica estructural\",\"url\":\"https:\\\/\\\/www.strudyn.uva.es\\\/\",\"logo\":{\"@type\":\"ImageObject\",\"inLanguage\":\"en-GB\",\"@id\":\"https:\\\/\\\/www.strudyn.uva.es\\\/#\\\/schema\\\/logo\\\/image\\\/\",\"url\":\"https:\\\/\\\/www.strudyn.uva.es\\\/wp-content\\\/uploads\\\/2026\\\/02\\\/cropped-logod.png\",\"contentUrl\":\"https:\\\/\\\/www.strudyn.uva.es\\\/wp-content\\\/uploads\\\/2026\\\/02\\\/cropped-logod.png\",\"width\":966,\"height\":588,\"caption\":\"Din\u00e1mica estructural\"},\"image\":{\"@id\":\"https:\\\/\\\/www.strudyn.uva.es\\\/#\\\/schema\\\/logo\\\/image\\\/\"}}]}<\/script>\n<!-- \/ Yoast SEO plugin. -->","yoast_head_json":{"title":"Guillermo Fern\u00e1ndez Ord\u00f3nez - Grupo de Din\u00e1mica Estructural","robots":{"index":"index","follow":"follow","max-snippet":"max-snippet:-1","max-image-preview":"max-image-preview:large","max-video-preview":"max-video-preview:-1"},"canonical":"https:\/\/www.strudyn.uva.es\/en\/prueba\/miembros\/gfo2\/","og_locale":"en_GB","og_type":"article","og_title":"Guillermo Fern\u00e1ndez Ord\u00f3nez - Grupo de Din\u00e1mica Estructural","og_description":"Guillermo Fern\u00e1ndez Ord\u00f3\u00f1ez BREVE BIO &amp; CV Guillermo Fern\u00e1ndez (2000, Miranda de Ebro, Espa\u00f1a) es investigador y estudiante de Doctorado en la Escuela de Ingenier\u00edas Industriales de la Universidad de Valladolid. Pertenece al Grupo de Din\u00e1mica Estructural (STRUDYN) desde 2022, en donde trabaja como ingeniero industrial a tiempo completo. Sus principales l\u00edneas de investigaci\u00f3n se [&hellip;]","og_url":"https:\/\/www.strudyn.uva.es\/en\/prueba\/miembros\/gfo2\/","og_site_name":"Grupo de Din\u00e1mica Estructural","article_modified_time":"2026-02-24T14:49:25+00:00","og_image":[{"url":"https:\/\/www.strudyn.uva.es\/wp-content\/uploads\/2026\/02\/guille.png","type":"","width":"","height":""}],"twitter_card":"summary_large_image","twitter_misc":{"Estimated reading time":"2 minutes"},"schema":{"@context":"https:\/\/schema.org","@graph":[{"@type":"WebPage","@id":"https:\/\/www.strudyn.uva.es\/prueba\/miembros\/gfo2\/","url":"https:\/\/www.strudyn.uva.es\/prueba\/miembros\/gfo2\/","name":"Guillermo Fern\u00e1ndez Ord\u00f3nez - Grupo de Din\u00e1mica Estructural","isPartOf":{"@id":"https:\/\/www.strudyn.uva.es\/#website"},"primaryImageOfPage":{"@id":"https:\/\/www.strudyn.uva.es\/prueba\/miembros\/gfo2\/#primaryimage"},"image":{"@id":"https:\/\/www.strudyn.uva.es\/prueba\/miembros\/gfo2\/#primaryimage"},"thumbnailUrl":"https:\/\/www.strudyn.uva.es\/wp-content\/uploads\/2026\/02\/guille.png","datePublished":"2023-06-19T17:30:35+00:00","dateModified":"2026-02-24T14:49:25+00:00","breadcrumb":{"@id":"https:\/\/www.strudyn.uva.es\/prueba\/miembros\/gfo2\/#breadcrumb"},"inLanguage":"en-GB","potentialAction":[{"@type":"ReadAction","target":["https:\/\/www.strudyn.uva.es\/prueba\/miembros\/gfo2\/"]}]},{"@type":"ImageObject","inLanguage":"en-GB","@id":"https:\/\/www.strudyn.uva.es\/prueba\/miembros\/gfo2\/#primaryimage","url":"https:\/\/www.strudyn.uva.es\/wp-content\/uploads\/2026\/02\/guille.png","contentUrl":"https:\/\/www.strudyn.uva.es\/wp-content\/uploads\/2026\/02\/guille.png"},{"@type":"BreadcrumbList","@id":"https:\/\/www.strudyn.uva.es\/prueba\/miembros\/gfo2\/#breadcrumb","itemListElement":[{"@type":"ListItem","position":1,"name":"Portada","item":"https:\/\/www.strudyn.uva.es\/"},{"@type":"ListItem","position":2,"name":"Inicio","item":"https:\/\/www.strudyn.uva.es\/"},{"@type":"ListItem","position":3,"name":"Miembros","item":"https:\/\/www.strudyn.uva.es\/prueba\/miembros\/"},{"@type":"ListItem","position":4,"name":"Guillermo Fern\u00e1ndez Ord\u00f3nez"}]},{"@type":"WebSite","@id":"https:\/\/www.strudyn.uva.es\/#website","url":"https:\/\/www.strudyn.uva.es\/","name":"Structrural Dynamics","description":"StruDyn","publisher":{"@id":"https:\/\/www.strudyn.uva.es\/#organization"},"potentialAction":[{"@type":"SearchAction","target":{"@type":"EntryPoint","urlTemplate":"https:\/\/www.strudyn.uva.es\/?s={search_term_string}"},"query-input":{"@type":"PropertyValueSpecification","valueRequired":true,"valueName":"search_term_string"}}],"inLanguage":"en-GB"},{"@type":"Organization","@id":"https:\/\/www.strudyn.uva.es\/#organization","name":"Structrural Dynamics","url":"https:\/\/www.strudyn.uva.es\/","logo":{"@type":"ImageObject","inLanguage":"en-GB","@id":"https:\/\/www.strudyn.uva.es\/#\/schema\/logo\/image\/","url":"https:\/\/www.strudyn.uva.es\/wp-content\/uploads\/2026\/02\/cropped-logod.png","contentUrl":"https:\/\/www.strudyn.uva.es\/wp-content\/uploads\/2026\/02\/cropped-logod.png","width":966,"height":588,"caption":"Din\u00e1mica estructural"},"image":{"@id":"https:\/\/www.strudyn.uva.es\/#\/schema\/logo\/image\/"}}]}},"_links":{"self":[{"href":"https:\/\/www.strudyn.uva.es\/en\/wp-json\/wp\/v2\/pages\/3912","targetHints":{"allow":["GET"]}}],"collection":[{"href":"https:\/\/www.strudyn.uva.es\/en\/wp-json\/wp\/v2\/pages"}],"about":[{"href":"https:\/\/www.strudyn.uva.es\/en\/wp-json\/wp\/v2\/types\/page"}],"author":[{"embeddable":true,"href":"https:\/\/www.strudyn.uva.es\/en\/wp-json\/wp\/v2\/users\/1"}],"replies":[{"embeddable":true,"href":"https:\/\/www.strudyn.uva.es\/en\/wp-json\/wp\/v2\/comments?post=3912"}],"version-history":[{"count":23,"href":"https:\/\/www.strudyn.uva.es\/en\/wp-json\/wp\/v2\/pages\/3912\/revisions"}],"predecessor-version":[{"id":6341,"href":"https:\/\/www.strudyn.uva.es\/en\/wp-json\/wp\/v2\/pages\/3912\/revisions\/6341"}],"up":[{"embeddable":true,"href":"https:\/\/www.strudyn.uva.es\/en\/wp-json\/wp\/v2\/pages\/55"}],"wp:attachment":[{"href":"https:\/\/www.strudyn.uva.es\/en\/wp-json\/wp\/v2\/media?parent=3912"}],"curies":[{"name":"wp","href":"https:\/\/api.w.org\/{rel}","templated":true}]}}