{"id":332,"date":"2022-12-21T08:55:11","date_gmt":"2022-12-21T07:55:11","guid":{"rendered":"https:\/\/www.strudyn.uva.es\/?page_id=332"},"modified":"2025-07-21T11:14:50","modified_gmt":"2025-07-21T10:14:50","slug":"trabacad","status":"publish","type":"page","link":"https:\/\/www.strudyn.uva.es\/en\/trabacad\/","title":{"rendered":"Academic works"},"content":{"rendered":"<div data-elementor-type=\"wp-page\" data-elementor-id=\"332\" class=\"elementor elementor-332\">\n\t\t\t\t\t\t<section class=\"elementor-section elementor-top-section elementor-element elementor-element-2647879 elementor-section-boxed elementor-section-height-default elementor-section-height-default\" data-id=\"2647879\" data-element_type=\"section\" data-e-type=\"section\">\n\t\t\t\t\t\t<div class=\"elementor-container elementor-column-gap-default\">\n\t\t\t\t\t<div class=\"elementor-column elementor-col-100 elementor-top-column elementor-element elementor-element-7021a0d\" data-id=\"7021a0d\" data-element_type=\"column\" data-e-type=\"column\">\n\t\t\t<div class=\"elementor-widget-wrap elementor-element-populated\">\n\t\t\t\t\t\t<div class=\"elementor-element elementor-element-fc01b7d elementor-widget elementor-widget-text-editor\" data-id=\"fc01b7d\" data-element_type=\"widget\" data-e-type=\"widget\" data-widget_type=\"text-editor.default\">\n\t\t\t\t<div class=\"elementor-widget-container\">\n\t\t\t\t\t\t\t\t\t<h6>En las l\u00edneas de investigaci\u00f3n del grupo, se han defendido las siguientes <strong>Tesis Doctorales<\/strong> (\u00faltimos 12 a\u00f1os):<\/h6><p>\n<table id=\"tablepress-14\" class=\"tablepress tablepress-id-14\">\n<thead>\n<tr class=\"row-1\">\n\t<th class=\"column-1\">A\u00f1o<\/th><th class=\"column-2\">T\u00edtulo<\/th>\n<\/tr>\n<\/thead>\n<tbody class=\"row-striping row-hover\">\n<tr class=\"row-2\">\n\t<td class=\"column-1\">2026<\/td><td class=\"column-2\">T\u00e9cnicas de modelado num\u00e9rico y Deep Learning para el estudio y predicci\u00f3n de la interacci\u00f3n entre peatones y estructuras esbeltas. Guillermo Fern\u00e1ndez Od\u00f3\u00f1ez.<\/td>\n<\/tr>\n<tr class=\"row-3\">\n\t<td class=\"column-1\">2025<\/td><td class=\"column-2\">Desarrollo de t\u00e9cnicas aut\u00f3nomas de an\u00e1lisis modal para la evaluaci\u00f3n integral de estructuras esbeltas. Alvaro Iglesias Pordomingo.<\/td>\n<\/tr>\n<tr class=\"row-4\">\n\t<td class=\"column-1\">2024<\/td><td class=\"column-2\"><a href=\"https:\/\/www.educacion.gob.es\/teseo\/mostrarRef.do?ref=2511453\">Machine Learning Applied to Non-Deterministic Actions Affecting Slender Structures and Their Active Cancellation<\/a><\/td>\n<\/tr>\n<tr class=\"row-5\">\n\t<td class=\"column-1\">2020<\/td><td class=\"column-2\"><a href=\"https:\/\/www.educacion.gob.es\/teseo\/mostrarRef.do?ref=2511453\">Machine Learning Applied to Non-Deterministic Actions Affecting Slender Structures and Their Active Cancellation<\/a><\/td>\n<\/tr>\n<tr class=\"row-6\">\n\t<td class=\"column-1\">2019<\/td><td class=\"column-2\"><a href=\"https:\/\/www.educacion.gob.es\/teseo\/mostrarRef.do?ref=2511453\">Machine Learning Applied to Non-Deterministic Actions Affecting Slender Structures and Their Active Cancellation<\/a><\/td>\n<\/tr>\n<tr class=\"row-7\">\n\t<td class=\"column-1\">2019<\/td><td class=\"column-2\"><a href=\"https:\/\/www.educacion.gob.es\/teseo\/mostrarRef.do?ref=1715700\">T\u00e9cnicas de evaluaci\u00f3n, simulaci\u00f3n y mejora del estado l\u00edmite de servicio respecto a vibraciones en estructuras peatonales<\/a><\/td>\n<\/tr>\n<tr class=\"row-8\">\n\t<td class=\"column-1\">2017<\/td><td class=\"column-2\"><a href=\"https:\/\/www.educacion.gob.es\/teseo\/mostrarRef.do?ref=1523769\">Hibridaci\u00f3n de t\u00e9cnicas de ingenier\u00eda inversa para el modelado preciso de estructuras, edificios y ciudades. <\/a><\/td>\n<\/tr>\n<tr class=\"row-9\">\n\t<td class=\"column-1\">2014<\/td><td class=\"column-2\"><a href=\"https:\/\/www.educacion.gob.es\/teseo\/mostrarRef.do?ref=1094028\">Study of factors that affect the perception of vibrations induced by occupants on slender structures<\/a><\/td>\n<\/tr>\n<tr class=\"row-10\">\n\t<td class=\"column-1\">2013<\/td><td class=\"column-2\"><a href=\"https:\/\/www.educacion.gob.es\/teseo\/mostrarRef.do?ref=1035153\">Parametric Approach and Model Updating Techniques for the Damage-Elastoplastic Analysis of Frames<\/a><\/td>\n<\/tr>\n<\/tbody>\n<\/table>\n<\/p>\t\t\t\t\t\t\t\t<\/div>\n\t\t\t\t<\/div>\n\t\t\t\t\t<\/div>\n\t\t<\/div>\n\t\t\t\t\t<\/div>\n\t\t<\/section>\n\t\t\t\t<section class=\"elementor-section elementor-top-section elementor-element elementor-element-f08e127 elementor-section-boxed elementor-section-height-default elementor-section-height-default\" data-id=\"f08e127\" data-element_type=\"section\" data-e-type=\"section\">\n\t\t\t\t\t\t<div class=\"elementor-container elementor-column-gap-default\">\n\t\t\t\t\t<div class=\"elementor-column elementor-col-100 elementor-top-column elementor-element elementor-element-f1af2e0\" data-id=\"f1af2e0\" data-element_type=\"column\" data-e-type=\"column\">\n\t\t\t<div class=\"elementor-widget-wrap elementor-element-populated\">\n\t\t\t\t\t\t<div class=\"elementor-element elementor-element-c784114 elementor-widget elementor-widget-text-editor\" data-id=\"c784114\" data-element_type=\"widget\" data-e-type=\"widget\" data-widget_type=\"text-editor.default\">\n\t\t\t\t<div class=\"elementor-widget-container\">\n\t\t\t\t\t\t\t\t\t<h6>Asimismo, los profesores integrantes han dirigido m\u00faltiples <strong>Trabajos Fin de M\u00e1ster<\/strong>, entre los que se destacan los listados a continuaci\u00f3n (\u00faltimos 5 a\u00f1os)<\/h6><p>\n<table id=\"tablepress-15\" class=\"tablepress tablepress-id-15\">\n<thead>\n<tr class=\"row-1\">\n\t<th class=\"column-1\">A\u00f1o<\/th><th class=\"column-2\">T\u00edtulo<\/th>\n<\/tr>\n<\/thead>\n<tbody class=\"row-striping row-hover\">\n<tr class=\"row-2\">\n\t<td class=\"column-1\">2023<\/td><td class=\"column-2\"><a href=\"https:\/\/uvadoc.uva.es\/handle\/10324\/68683\" target=\"_blank\">Dise\u00f1o integrado de una plataforma low-cost para monitorizado de estructuras<\/a><br \/>\n<\/td>\n<\/tr>\n<tr class=\"row-3\">\n\t<td class=\"column-1\">2022<\/td><td class=\"column-2\"><a href=\"https:\/\/uvadoc.uva.es\/handle\/10324\/56846\" target=\"_blank\">Experimentaci\u00f3n y simulaci\u00f3n computacional del tr\u00e1nsito peatonal<\/a><br \/>\n<\/td>\n<\/tr>\n<tr class=\"row-4\">\n\t<td class=\"column-1\">2022<\/td><td class=\"column-2\"><a href=\"https:\/\/uvadoc.uva.es\/handle\/10324\/56837\" target=\"_blank\">Influencia de los peatones pasivos en las propiedades modales de estructuras ligeras<\/a><br \/>\n<\/td>\n<\/tr>\n<tr class=\"row-5\">\n\t<td class=\"column-1\">2022<\/td><td class=\"column-2\"><a href=\"https:\/\/uvadoc.uva.es\/handle\/10324\/56839\" target=\"_blank\">Pruebas de carga est\u00e1ticas y din\u00e1micas en una plataforma de madera estructural<\/a><br \/>\n<\/td>\n<\/tr>\n<tr class=\"row-6\">\n\t<td class=\"column-1\">2022<\/td><td class=\"column-2\"><a href=\"https:\/\/uvadoc.uva.es\/handle\/10324\/56840\" target=\"_blank\">An\u00e1lisis y uso de los softwares Wavelmage y ModA de an\u00e1lisis modal experimental par SHM<\/a><br \/>\n<\/td>\n<\/tr>\n<tr class=\"row-7\">\n\t<td class=\"column-1\">2022<\/td><td class=\"column-2\"><a href=\"https:\/\/uvadoc.uva.es\/handle\/10324\/56838\" target=\"_blank\">Desarrollo de una metodolog\u00eda experimental para la determinaci\u00f3n directa de las propiedades \u00f3ptimas de un disipador de vibraciones<\/a><br \/>\n<\/td>\n<\/tr>\n<tr class=\"row-8\">\n\t<td class=\"column-1\">2022<\/td><td class=\"column-2\"><a href=\"https:\/\/uvadoc.uva.es\/handle\/10324\/55709\" target=\"_blank\">T\u00e9cnicas num\u00e9ricas para la detecci\u00f3n, localizaci\u00f3n y cuantificaci\u00f3n de da\u00f1o en estructuras ligeras<\/a><br \/>\n<\/td>\n<\/tr>\n<tr class=\"row-9\">\n\t<td class=\"column-1\">2021<\/td><td class=\"column-2\"><a href=\"https:\/\/uvadoc.uva.es\/handle\/10324\/46723\" target=\"_blank\">Dise\u00f1o, implementaci\u00f3n y validaci\u00f3n experimental de un AMD para la mitigaci\u00f3n de vibraciones en estructuras esbeltas utilizando un procesador de bajo coste<\/a><br \/>\n<\/td>\n<\/tr>\n<tr class=\"row-10\">\n\t<td class=\"column-1\">2020<\/td><td class=\"column-2\"><a href=\"https:\/\/uvadoc.uva.es\/handle\/10324\/41428\" target=\"_blank\">Evaluaci\u00f3n por simulaci\u00f3n del estado l\u00edmite de servicio respecto a vibraciones de la pasarela de 65 m<\/a><br \/>\n<\/td>\n<\/tr>\n<tr class=\"row-11\">\n\t<td class=\"column-1\">2020<\/td><td class=\"column-2\"><a href=\"https:\/\/uvadoc.uva.es\/handle\/10324\/41408\" target=\"_blank\">Identificaci\u00f3n din\u00e1mica, calibrado computacional y simulaci\u00f3n de tr\u00e1nsitos aplicados a un modelo a escala de un puente<\/a><br \/>\n<\/td>\n<\/tr>\n<tr class=\"row-12\">\n\t<td class=\"column-1\">2020<\/td><td class=\"column-2\"><a href=\"https:\/\/uvadoc.uva.es\/handle\/10324\/41436\" target=\"_blank\">Desarrollo de un sistema de monitorizado estructural basado en dispositivos de bajo coste<\/a><br \/>\n<\/td>\n<\/tr>\n<tr class=\"row-13\">\n\t<td class=\"column-1\">2020<\/td><td class=\"column-2\"><a href=\"https:\/\/uvadoc.uva.es\/handle\/10324\/42442\" target=\"_blank\">Desarrollo de un dispositivo bifuncional (mesa s\u00edsmica y excitador inercial) basado en el actuador LINMOT P10-70x400U<\/a><br \/>\n<\/td>\n<\/tr>\n<\/tbody>\n<\/table>\n<\/p>\t\t\t\t\t\t\t\t<\/div>\n\t\t\t\t<\/div>\n\t\t\t\t\t<\/div>\n\t\t<\/div>\n\t\t\t\t\t<\/div>\n\t\t<\/section>\n\t\t\t\t<section class=\"elementor-section elementor-top-section elementor-element elementor-element-dc4b482 elementor-section-boxed elementor-section-height-default elementor-section-height-default\" data-id=\"dc4b482\" data-element_type=\"section\" data-e-type=\"section\">\n\t\t\t\t\t\t<div class=\"elementor-container elementor-column-gap-default\">\n\t\t\t\t\t<div class=\"elementor-column elementor-col-100 elementor-top-column elementor-element elementor-element-db77a07\" data-id=\"db77a07\" data-element_type=\"column\" data-e-type=\"column\">\n\t\t\t<div class=\"elementor-widget-wrap elementor-element-populated\">\n\t\t\t\t\t\t<div class=\"elementor-element elementor-element-111fc36 elementor-widget elementor-widget-text-editor\" data-id=\"111fc36\" data-element_type=\"widget\" data-e-type=\"widget\" data-widget_type=\"text-editor.default\">\n\t\t\t\t<div class=\"elementor-widget-container\">\n\t\t\t\t\t\t\t\t\t<h6 class=\"MsoNormal\"><span style=\"font-size: 12.0pt; font-family: 'Arial',sans-serif; mso-fareast-font-family: 'Times New Roman';\">Otros trabajos se pueden consultar en <a href=\"https:\/\/uvadoc.uva.es\" target=\"_blank\" rel=\"noopener\">UVaDOCS<\/a><\/span><\/h6>\t\t\t\t\t\t\t\t<\/div>\n\t\t\t\t<\/div>\n\t\t\t\t\t<\/div>\n\t\t<\/div>\n\t\t\t\t\t<\/div>\n\t\t<\/section>\n\t\t\t\t<\/div>","protected":false},"excerpt":{"rendered":"<p>En las l\u00edneas de investigaci\u00f3n del grupo, se han defendido las siguientes Tesis Doctorales (\u00faltimos 12 a\u00f1os): Asimismo, los profesores integrantes han dirigido m\u00faltiples Trabajos Fin de M\u00e1ster, entre los que se destacan los listados a continuaci\u00f3n (\u00faltimos 5 a\u00f1os) Otros trabajos se pueden consultar en UVaDOCS<\/p>","protected":false},"author":1,"featured_media":0,"parent":0,"menu_order":0,"comment_status":"closed","ping_status":"closed","template":"","meta":{"site-sidebar-layout":"default","site-content-layout":"default","ast-site-content-layout":"normal-width-container","site-content-style":"default","site-sidebar-style":"default","ast-global-header-display":"","ast-banner-title-visibility":"","ast-main-header-display":"","ast-hfb-above-header-display":"","ast-hfb-below-header-display":"","ast-hfb-mobile-header-display":"","site-post-title":"","ast-breadcrumbs-content":"","ast-featured-img":"","footer-sml-layout":"","ast-disable-related-posts":"","theme-transparent-header-meta":"default","adv-header-id-meta":"","stick-header-meta":"","header-above-stick-meta":"","header-main-stick-meta":"","header-below-stick-meta":"","astra-migrate-meta-layouts":"set","ast-page-background-enabled":"default","ast-page-background-meta":{"desktop":{"background-color":"var(--ast-global-color-4)","background-image":"","background-repeat":"repeat","background-position":"center center","background-size":"auto","background-attachment":"scroll","background-type":"","background-media":"","overlay-type":"","overlay-color":"","overlay-opacity":"","overlay-gradient":""},"tablet":{"background-color":"","background-image":"","background-repeat":"repeat","background-position":"center center","background-size":"auto","background-attachment":"scroll","background-type":"","background-media":"","overlay-type":"","overlay-color":"","overlay-opacity":"","overlay-gradient":""},"mobile":{"background-color":"","background-image":"","background-repeat":"repeat","background-position":"center center","background-size":"auto","background-attachment":"scroll","background-type":"","background-media":"","overlay-type":"","overlay-color":"","overlay-opacity":"","overlay-gradient":""}},"ast-content-background-meta":{"desktop":{"background-color":"var(--ast-global-color-5)","background-image":"","background-repeat":"repeat","background-position":"center center","background-size":"auto","background-attachment":"scroll","background-type":"","background-media":"","overlay-type":"","overlay-color":"","overlay-opacity":"","overlay-gradient":""},"tablet":{"background-color":"var(--ast-global-color-5)","background-image":"","background-repeat":"repeat","background-position":"center center","background-size":"auto","background-attachment":"scroll","background-type":"","background-media":"","overlay-type":"","overlay-color":"","overlay-opacity":"","overlay-gradient":""},"mobile":{"background-color":"var(--ast-global-color-5)","background-image":"","background-repeat":"repeat","background-position":"center center","background-size":"auto","background-attachment":"scroll","background-type":"","background-media":"","overlay-type":"","overlay-color":"","overlay-opacity":"","overlay-gradient":""}},"footnotes":""},"class_list":["post-332","page","type-page","status-publish","hentry"],"yoast_head":"<!-- This site is optimized with the Yoast SEO plugin v27.4 - https:\/\/yoast.com\/product\/yoast-seo-wordpress\/ -->\n<title>Trabajos acad\u00e9micos - Grupo de Din\u00e1mica Estructural<\/title>\n<meta name=\"robots\" content=\"index, follow, max-snippet:-1, max-image-preview:large, max-video-preview:-1\" \/>\n<link rel=\"canonical\" href=\"https:\/\/www.strudyn.uva.es\/en\/trabacad\/\" \/>\n<meta property=\"og:locale\" content=\"en_GB\" \/>\n<meta property=\"og:type\" content=\"article\" \/>\n<meta property=\"og:title\" content=\"Trabajos acad\u00e9micos - Grupo de Din\u00e1mica Estructural\" \/>\n<meta property=\"og:description\" content=\"En las l\u00edneas de investigaci\u00f3n del grupo, se han defendido las siguientes Tesis Doctorales (\u00faltimos 12 a\u00f1os): Asimismo, los profesores integrantes han dirigido m\u00faltiples Trabajos Fin de M\u00e1ster, entre los que se destacan los listados a continuaci\u00f3n (\u00faltimos 5 a\u00f1os) Otros trabajos se pueden consultar en UVaDOCS\" \/>\n<meta property=\"og:url\" content=\"https:\/\/www.strudyn.uva.es\/en\/trabacad\/\" \/>\n<meta property=\"og:site_name\" content=\"Grupo de Din\u00e1mica Estructural\" \/>\n<meta property=\"article:modified_time\" content=\"2025-07-21T10:14:50+00:00\" \/>\n<meta name=\"twitter:card\" content=\"summary_large_image\" \/>\n<meta name=\"twitter:label1\" content=\"Estimated reading time\" \/>\n\t<meta name=\"twitter:data1\" content=\"2 minutes\" \/>\n<script type=\"application\/ld+json\" class=\"yoast-schema-graph\">{\"@context\":\"https:\\\/\\\/schema.org\",\"@graph\":[{\"@type\":\"WebPage\",\"@id\":\"https:\\\/\\\/www.strudyn.uva.es\\\/trabacad\\\/\",\"url\":\"https:\\\/\\\/www.strudyn.uva.es\\\/trabacad\\\/\",\"name\":\"Trabajos acad\u00e9micos - Grupo de Din\u00e1mica Estructural\",\"isPartOf\":{\"@id\":\"https:\\\/\\\/www.strudyn.uva.es\\\/#website\"},\"datePublished\":\"2022-12-21T07:55:11+00:00\",\"dateModified\":\"2025-07-21T10:14:50+00:00\",\"breadcrumb\":{\"@id\":\"https:\\\/\\\/www.strudyn.uva.es\\\/trabacad\\\/#breadcrumb\"},\"inLanguage\":\"en-GB\",\"potentialAction\":[{\"@type\":\"ReadAction\",\"target\":[\"https:\\\/\\\/www.strudyn.uva.es\\\/trabacad\\\/\"]}]},{\"@type\":\"BreadcrumbList\",\"@id\":\"https:\\\/\\\/www.strudyn.uva.es\\\/trabacad\\\/#breadcrumb\",\"itemListElement\":[{\"@type\":\"ListItem\",\"position\":1,\"name\":\"Portada\",\"item\":\"https:\\\/\\\/www.strudyn.uva.es\\\/\"},{\"@type\":\"ListItem\",\"position\":2,\"name\":\"Trabajos acad\u00e9micos\"}]},{\"@type\":\"WebSite\",\"@id\":\"https:\\\/\\\/www.strudyn.uva.es\\\/#website\",\"url\":\"https:\\\/\\\/www.strudyn.uva.es\\\/\",\"name\":\"Din\u00e1mica estructural\",\"description\":\"StruDyn\",\"publisher\":{\"@id\":\"https:\\\/\\\/www.strudyn.uva.es\\\/#organization\"},\"potentialAction\":[{\"@type\":\"SearchAction\",\"target\":{\"@type\":\"EntryPoint\",\"urlTemplate\":\"https:\\\/\\\/www.strudyn.uva.es\\\/?s={search_term_string}\"},\"query-input\":{\"@type\":\"PropertyValueSpecification\",\"valueRequired\":true,\"valueName\":\"search_term_string\"}}],\"inLanguage\":\"en-GB\"},{\"@type\":\"Organization\",\"@id\":\"https:\\\/\\\/www.strudyn.uva.es\\\/#organization\",\"name\":\"Din\u00e1mica estructural\",\"url\":\"https:\\\/\\\/www.strudyn.uva.es\\\/\",\"logo\":{\"@type\":\"ImageObject\",\"inLanguage\":\"en-GB\",\"@id\":\"https:\\\/\\\/www.strudyn.uva.es\\\/#\\\/schema\\\/logo\\\/image\\\/\",\"url\":\"https:\\\/\\\/www.strudyn.uva.es\\\/wp-content\\\/uploads\\\/2026\\\/02\\\/cropped-logod.png\",\"contentUrl\":\"https:\\\/\\\/www.strudyn.uva.es\\\/wp-content\\\/uploads\\\/2026\\\/02\\\/cropped-logod.png\",\"width\":966,\"height\":588,\"caption\":\"Din\u00e1mica estructural\"},\"image\":{\"@id\":\"https:\\\/\\\/www.strudyn.uva.es\\\/#\\\/schema\\\/logo\\\/image\\\/\"}}]}<\/script>\n<!-- \/ Yoast SEO plugin. -->","yoast_head_json":{"title":"Trabajos acad\u00e9micos - Grupo de Din\u00e1mica Estructural","robots":{"index":"index","follow":"follow","max-snippet":"max-snippet:-1","max-image-preview":"max-image-preview:large","max-video-preview":"max-video-preview:-1"},"canonical":"https:\/\/www.strudyn.uva.es\/en\/trabacad\/","og_locale":"en_GB","og_type":"article","og_title":"Trabajos acad\u00e9micos - Grupo de Din\u00e1mica Estructural","og_description":"En las l\u00edneas de investigaci\u00f3n del grupo, se han defendido las siguientes Tesis Doctorales (\u00faltimos 12 a\u00f1os): Asimismo, los profesores integrantes han dirigido m\u00faltiples Trabajos Fin de M\u00e1ster, entre los que se destacan los listados a continuaci\u00f3n (\u00faltimos 5 a\u00f1os) Otros trabajos se pueden consultar en UVaDOCS","og_url":"https:\/\/www.strudyn.uva.es\/en\/trabacad\/","og_site_name":"Grupo de Din\u00e1mica Estructural","article_modified_time":"2025-07-21T10:14:50+00:00","twitter_card":"summary_large_image","twitter_misc":{"Estimated reading time":"2 minutes"},"schema":{"@context":"https:\/\/schema.org","@graph":[{"@type":"WebPage","@id":"https:\/\/www.strudyn.uva.es\/trabacad\/","url":"https:\/\/www.strudyn.uva.es\/trabacad\/","name":"Trabajos acad\u00e9micos - Grupo de Din\u00e1mica Estructural","isPartOf":{"@id":"https:\/\/www.strudyn.uva.es\/#website"},"datePublished":"2022-12-21T07:55:11+00:00","dateModified":"2025-07-21T10:14:50+00:00","breadcrumb":{"@id":"https:\/\/www.strudyn.uva.es\/trabacad\/#breadcrumb"},"inLanguage":"en-GB","potentialAction":[{"@type":"ReadAction","target":["https:\/\/www.strudyn.uva.es\/trabacad\/"]}]},{"@type":"BreadcrumbList","@id":"https:\/\/www.strudyn.uva.es\/trabacad\/#breadcrumb","itemListElement":[{"@type":"ListItem","position":1,"name":"Portada","item":"https:\/\/www.strudyn.uva.es\/"},{"@type":"ListItem","position":2,"name":"Trabajos acad\u00e9micos"}]},{"@type":"WebSite","@id":"https:\/\/www.strudyn.uva.es\/#website","url":"https:\/\/www.strudyn.uva.es\/","name":"Structrural Dynamics","description":"StruDyn","publisher":{"@id":"https:\/\/www.strudyn.uva.es\/#organization"},"potentialAction":[{"@type":"SearchAction","target":{"@type":"EntryPoint","urlTemplate":"https:\/\/www.strudyn.uva.es\/?s={search_term_string}"},"query-input":{"@type":"PropertyValueSpecification","valueRequired":true,"valueName":"search_term_string"}}],"inLanguage":"en-GB"},{"@type":"Organization","@id":"https:\/\/www.strudyn.uva.es\/#organization","name":"Structrural Dynamics","url":"https:\/\/www.strudyn.uva.es\/","logo":{"@type":"ImageObject","inLanguage":"en-GB","@id":"https:\/\/www.strudyn.uva.es\/#\/schema\/logo\/image\/","url":"https:\/\/www.strudyn.uva.es\/wp-content\/uploads\/2026\/02\/cropped-logod.png","contentUrl":"https:\/\/www.strudyn.uva.es\/wp-content\/uploads\/2026\/02\/cropped-logod.png","width":966,"height":588,"caption":"Din\u00e1mica estructural"},"image":{"@id":"https:\/\/www.strudyn.uva.es\/#\/schema\/logo\/image\/"}}]}},"_links":{"self":[{"href":"https:\/\/www.strudyn.uva.es\/en\/wp-json\/wp\/v2\/pages\/332","targetHints":{"allow":["GET"]}}],"collection":[{"href":"https:\/\/www.strudyn.uva.es\/en\/wp-json\/wp\/v2\/pages"}],"about":[{"href":"https:\/\/www.strudyn.uva.es\/en\/wp-json\/wp\/v2\/types\/page"}],"author":[{"embeddable":true,"href":"https:\/\/www.strudyn.uva.es\/en\/wp-json\/wp\/v2\/users\/1"}],"replies":[{"embeddable":true,"href":"https:\/\/www.strudyn.uva.es\/en\/wp-json\/wp\/v2\/comments?post=332"}],"version-history":[{"count":21,"href":"https:\/\/www.strudyn.uva.es\/en\/wp-json\/wp\/v2\/pages\/332\/revisions"}],"predecessor-version":[{"id":5480,"href":"https:\/\/www.strudyn.uva.es\/en\/wp-json\/wp\/v2\/pages\/332\/revisions\/5480"}],"wp:attachment":[{"href":"https:\/\/www.strudyn.uva.es\/en\/wp-json\/wp\/v2\/media?parent=332"}],"curies":[{"name":"wp","href":"https:\/\/api.w.org\/{rel}","templated":true}]}}