{"id":247,"date":"2022-12-20T10:21:12","date_gmt":"2022-12-20T09:21:12","guid":{"rendered":"https:\/\/www.strudyn.uva.es\/?page_id=247"},"modified":"2025-07-21T10:39:37","modified_gmt":"2025-07-21T09:39:37","slug":"equipamiento","status":"publish","type":"page","link":"https:\/\/www.strudyn.uva.es\/en\/equipamiento\/","title":{"rendered":"Equipment"},"content":{"rendered":"<div data-elementor-type=\"wp-page\" data-elementor-id=\"247\" class=\"elementor elementor-247\">\n\t\t\t\t\t\t<section class=\"elementor-section elementor-top-section elementor-element elementor-element-3fc63f5 elementor-section-boxed elementor-section-height-default elementor-section-height-default\" data-id=\"3fc63f5\" data-element_type=\"section\" data-e-type=\"section\">\n\t\t\t\t\t\t<div class=\"elementor-container elementor-column-gap-default\">\n\t\t\t\t\t<div class=\"elementor-column elementor-col-50 elementor-top-column elementor-element elementor-element-fdcc4fa\" data-id=\"fdcc4fa\" data-element_type=\"column\" data-e-type=\"column\">\n\t\t\t<div class=\"elementor-widget-wrap elementor-element-populated\">\n\t\t\t\t\t\t<div class=\"elementor-element elementor-element-50c25df elementor-widget__width-initial elementor-widget elementor-widget-text-editor\" data-id=\"50c25df\" data-element_type=\"widget\" data-e-type=\"widget\" data-widget_type=\"text-editor.default\">\n\t\t\t\t<div class=\"elementor-widget-container\">\n\t\t\t\t\t\t\t\t\t<img decoding=\"async\" class=\"alignright\" style=\"font-family: inherit; font-style: inherit; font-weight: inherit;\" src=\"\/wp-content\/uploads\/2024\/02\/lego2.jpg\" width=\"440\" \/>\t\t\t\t\t\t\t\t<\/div>\n\t\t\t\t<\/div>\n\t\t\t\t\t<\/div>\n\t\t<\/div>\n\t\t\t\t<div class=\"elementor-column elementor-col-50 elementor-top-column elementor-element elementor-element-49dbdd6\" data-id=\"49dbdd6\" data-element_type=\"column\" data-e-type=\"column\">\n\t\t\t<div class=\"elementor-widget-wrap elementor-element-populated\">\n\t\t\t\t\t\t<div class=\"elementor-element elementor-element-5ff7a6c elementor-widget elementor-widget-text-editor\" data-id=\"5ff7a6c\" data-element_type=\"widget\" data-e-type=\"widget\" data-widget_type=\"text-editor.default\">\n\t\t\t\t<div class=\"elementor-widget-container\">\n\t\t\t\t\t\t\t\t\t<div align=\"left\"><p>El grupo cuenta, en sus laboratorios de la Escuela de Ingenier\u00edas Industriales de la UVa, con m\u00faltiples medios y equipos\u00a0 instrumentales para el desarrollo de sus actividades. Gran parte de este equipamiento ha sido adquirido con fondos provenientes de proyectos competitivos y <a href=\"https:\/\/www.strudyn.uva.es\/en\/trabemp\/\">contratos con empresas<\/a>\u00a0(art.83\/LOU y art.60\/LOSU). A continuaci\u00f3n, se listan los medios m\u00e1s significativos:<\/p><ul data-editing-info=\"{&quot;applyListStyleFromLevel&quot;:true}\"><li>Sistemas de adquisici\u00f3n de datos, fundamentalmente de Dewesoft (SIRIUS, DEWE-43A, &#8230;).<\/li><li>Sensores anal\u00f3gicos (aceler\u00f3metros piezoel\u00e9ctricos x24, c\u00e9lulas de carga x20, vibr\u00f3metro l\u00e1ser x2, LVDT x2, placa de fuerza x1, sensores de hilo x4, \u2026)<\/li><li>Sistemas de adquisici\u00f3n y procesado desarrollados en myRIO y sbRIO<\/li><li>Sensores digitales basados en MEMS:\u00a0unidades inerciales (incluyendo aceler\u00f3metros triaxiales) y variables medioambientales<\/li><li>Shakers (APS400, APS113, motores lineales, exc\u00e9ntricas, &#8230;)<\/li><li>Dispositivos vestibles: plantillas LOADSOL, unidades inerciales XSENS y AWINDA<\/li><li>Multi-directional configurable modular TMD with up to 800 kg moving mass<\/li><li>Equipos educacionales de din\u00e1mica estructural (Shake Table II de Quanser, plataforma de movimiento SIMUMAK, &#8230;)<\/li><li>Demostradores practicables de madera laminada:\u00a0plataforma flotante transitable de 13.5 m, esqueleto habitacional (5.24 m de largo, 3.30 m de ancho y 3.20 m de altura,\u00a0 2 vanos y 2 plantas)<\/li><li>Modelos a escala de laboratorio instrumentados: edificios multiplanta, vigas multi-soporte, con sistemas de mitigaci\u00f3n de vibraciones de varios tipos.<\/li><li>Estaciones de trabajo, servidores y software de simulaci\u00f3n (SAP2000, ANSYS, Matlab, \u2026)<\/li><\/ul><p>El grupo colabora activamente con los grupos de <a href=\"https:\/\/gpa.uva.es\/\" target=\"_blank\" rel=\"noopener\">Procesado en Array<\/a> \u00a0y de <a href=\"http:\/\/www3.uva.es\/maderas\" target=\"_blank\" rel=\"noopener\">Investigaci\u00f3n en Estructuras y Tecnolog\u00eda de la Madera<\/a>, con quienes comparte otros equipos e instalaciones.<\/p><\/div>\t\t\t\t\t\t\t\t<\/div>\n\t\t\t\t<\/div>\n\t\t\t\t\t<\/div>\n\t\t<\/div>\n\t\t\t\t\t<\/div>\n\t\t<\/section>\n\t\t\t\t<\/div>","protected":false},"excerpt":{"rendered":"<p>El grupo cuenta, en sus laboratorios de la Escuela de Ingenier\u00edas Industriales de la UVa, con m\u00faltiples medios y equipos\u00a0 instrumentales para el desarrollo de sus actividades. Gran parte de este equipamiento ha sido adquirido con fondos provenientes de proyectos competitivos y contratos con empresas\u00a0(art.83\/LOU y art.60\/LOSU). A continuaci\u00f3n, se listan los medios m\u00e1s significativos: [&hellip;]<\/p>\n","protected":false},"author":1,"featured_media":0,"parent":0,"menu_order":0,"comment_status":"closed","ping_status":"closed","template":"","meta":{"site-sidebar-layout":"default","site-content-layout":"default","ast-site-content-layout":"normal-width-container","site-content-style":"default","site-sidebar-style":"default","ast-global-header-display":"","ast-banner-title-visibility":"","ast-main-header-display":"","ast-hfb-above-header-display":"","ast-hfb-below-header-display":"","ast-hfb-mobile-header-display":"","site-post-title":"","ast-breadcrumbs-content":"","ast-featured-img":"","footer-sml-layout":"","ast-disable-related-posts":"","theme-transparent-header-meta":"default","adv-header-id-meta":"","stick-header-meta":"","header-above-stick-meta":"","header-main-stick-meta":"","header-below-stick-meta":"","astra-migrate-meta-layouts":"set","ast-page-background-enabled":"default","ast-page-background-meta":{"desktop":{"background-color":"var(--ast-global-color-4)","background-image":"","background-repeat":"repeat","background-position":"center center","background-size":"auto","background-attachment":"scroll","background-type":"","background-media":"","overlay-type":"","overlay-color":"","overlay-opacity":"","overlay-gradient":""},"tablet":{"background-color":"","background-image":"","background-repeat":"repeat","background-position":"center center","background-size":"auto","background-attachment":"scroll","background-type":"","background-media":"","overlay-type":"","overlay-color":"","overlay-opacity":"","overlay-gradient":""},"mobile":{"background-color":"","background-image":"","background-repeat":"repeat","background-position":"center center","background-size":"auto","background-attachment":"scroll","background-type":"","background-media":"","overlay-type":"","overlay-color":"","overlay-opacity":"","overlay-gradient":""}},"ast-content-background-meta":{"desktop":{"background-color":"var(--ast-global-color-5)","background-image":"","background-repeat":"repeat","background-position":"center center","background-size":"auto","background-attachment":"scroll","background-type":"","background-media":"","overlay-type":"","overlay-color":"","overlay-opacity":"","overlay-gradient":""},"tablet":{"background-color":"var(--ast-global-color-5)","background-image":"","background-repeat":"repeat","background-position":"center center","background-size":"auto","background-attachment":"scroll","background-type":"","background-media":"","overlay-type":"","overlay-color":"","overlay-opacity":"","overlay-gradient":""},"mobile":{"background-color":"var(--ast-global-color-5)","background-image":"","background-repeat":"repeat","background-position":"center center","background-size":"auto","background-attachment":"scroll","background-type":"","background-media":"","overlay-type":"","overlay-color":"","overlay-opacity":"","overlay-gradient":""}},"footnotes":""},"class_list":["post-247","page","type-page","status-publish","hentry"],"yoast_head":"<!-- This site is optimized with the Yoast SEO plugin v27.4 - https:\/\/yoast.com\/product\/yoast-seo-wordpress\/ -->\n<title>Equipamiento - Grupo de Din\u00e1mica Estructural<\/title>\n<meta name=\"robots\" content=\"index, follow, max-snippet:-1, max-image-preview:large, max-video-preview:-1\" \/>\n<link rel=\"canonical\" href=\"https:\/\/www.strudyn.uva.es\/en\/equipamiento\/\" \/>\n<meta property=\"og:locale\" content=\"en_GB\" \/>\n<meta property=\"og:type\" content=\"article\" \/>\n<meta property=\"og:title\" content=\"Equipamiento - Grupo de Din\u00e1mica Estructural\" \/>\n<meta property=\"og:description\" content=\"El grupo cuenta, en sus laboratorios de la Escuela de Ingenier\u00edas Industriales de la UVa, con m\u00faltiples medios y equipos\u00a0 instrumentales para el desarrollo de sus actividades. Gran parte de este equipamiento ha sido adquirido con fondos provenientes de proyectos competitivos y contratos con empresas\u00a0(art.83\/LOU y art.60\/LOSU). A continuaci\u00f3n, se listan los medios m\u00e1s significativos: [&hellip;]\" \/>\n<meta property=\"og:url\" content=\"https:\/\/www.strudyn.uva.es\/en\/equipamiento\/\" \/>\n<meta property=\"og:site_name\" content=\"Grupo de Din\u00e1mica Estructural\" \/>\n<meta property=\"article:modified_time\" content=\"2025-07-21T09:39:37+00:00\" \/>\n<meta name=\"twitter:card\" content=\"summary_large_image\" \/>\n<meta name=\"twitter:label1\" content=\"Estimated reading time\" \/>\n\t<meta name=\"twitter:data1\" content=\"2 minutes\" \/>\n<script type=\"application\/ld+json\" class=\"yoast-schema-graph\">{\"@context\":\"https:\\\/\\\/schema.org\",\"@graph\":[{\"@type\":\"WebPage\",\"@id\":\"https:\\\/\\\/www.strudyn.uva.es\\\/equipamiento\\\/\",\"url\":\"https:\\\/\\\/www.strudyn.uva.es\\\/equipamiento\\\/\",\"name\":\"Equipamiento - Grupo de Din\u00e1mica Estructural\",\"isPartOf\":{\"@id\":\"https:\\\/\\\/www.strudyn.uva.es\\\/#website\"},\"datePublished\":\"2022-12-20T09:21:12+00:00\",\"dateModified\":\"2025-07-21T09:39:37+00:00\",\"breadcrumb\":{\"@id\":\"https:\\\/\\\/www.strudyn.uva.es\\\/equipamiento\\\/#breadcrumb\"},\"inLanguage\":\"en-GB\",\"potentialAction\":[{\"@type\":\"ReadAction\",\"target\":[\"https:\\\/\\\/www.strudyn.uva.es\\\/equipamiento\\\/\"]}]},{\"@type\":\"BreadcrumbList\",\"@id\":\"https:\\\/\\\/www.strudyn.uva.es\\\/equipamiento\\\/#breadcrumb\",\"itemListElement\":[{\"@type\":\"ListItem\",\"position\":1,\"name\":\"Portada\",\"item\":\"https:\\\/\\\/www.strudyn.uva.es\\\/\"},{\"@type\":\"ListItem\",\"position\":2,\"name\":\"Equipamiento\"}]},{\"@type\":\"WebSite\",\"@id\":\"https:\\\/\\\/www.strudyn.uva.es\\\/#website\",\"url\":\"https:\\\/\\\/www.strudyn.uva.es\\\/\",\"name\":\"Din\u00e1mica estructural\",\"description\":\"StruDyn\",\"publisher\":{\"@id\":\"https:\\\/\\\/www.strudyn.uva.es\\\/#organization\"},\"potentialAction\":[{\"@type\":\"SearchAction\",\"target\":{\"@type\":\"EntryPoint\",\"urlTemplate\":\"https:\\\/\\\/www.strudyn.uva.es\\\/?s={search_term_string}\"},\"query-input\":{\"@type\":\"PropertyValueSpecification\",\"valueRequired\":true,\"valueName\":\"search_term_string\"}}],\"inLanguage\":\"en-GB\"},{\"@type\":\"Organization\",\"@id\":\"https:\\\/\\\/www.strudyn.uva.es\\\/#organization\",\"name\":\"Din\u00e1mica estructural\",\"url\":\"https:\\\/\\\/www.strudyn.uva.es\\\/\",\"logo\":{\"@type\":\"ImageObject\",\"inLanguage\":\"en-GB\",\"@id\":\"https:\\\/\\\/www.strudyn.uva.es\\\/#\\\/schema\\\/logo\\\/image\\\/\",\"url\":\"https:\\\/\\\/www.strudyn.uva.es\\\/wp-content\\\/uploads\\\/2026\\\/02\\\/cropped-logod.png\",\"contentUrl\":\"https:\\\/\\\/www.strudyn.uva.es\\\/wp-content\\\/uploads\\\/2026\\\/02\\\/cropped-logod.png\",\"width\":966,\"height\":588,\"caption\":\"Din\u00e1mica estructural\"},\"image\":{\"@id\":\"https:\\\/\\\/www.strudyn.uva.es\\\/#\\\/schema\\\/logo\\\/image\\\/\"}}]}<\/script>\n<!-- \/ Yoast SEO plugin. -->","yoast_head_json":{"title":"Equipamiento - Grupo de Din\u00e1mica Estructural","robots":{"index":"index","follow":"follow","max-snippet":"max-snippet:-1","max-image-preview":"max-image-preview:large","max-video-preview":"max-video-preview:-1"},"canonical":"https:\/\/www.strudyn.uva.es\/en\/equipamiento\/","og_locale":"en_GB","og_type":"article","og_title":"Equipamiento - Grupo de Din\u00e1mica Estructural","og_description":"El grupo cuenta, en sus laboratorios de la Escuela de Ingenier\u00edas Industriales de la UVa, con m\u00faltiples medios y equipos\u00a0 instrumentales para el desarrollo de sus actividades. Gran parte de este equipamiento ha sido adquirido con fondos provenientes de proyectos competitivos y contratos con empresas\u00a0(art.83\/LOU y art.60\/LOSU). A continuaci\u00f3n, se listan los medios m\u00e1s significativos: [&hellip;]","og_url":"https:\/\/www.strudyn.uva.es\/en\/equipamiento\/","og_site_name":"Grupo de Din\u00e1mica Estructural","article_modified_time":"2025-07-21T09:39:37+00:00","twitter_card":"summary_large_image","twitter_misc":{"Estimated reading time":"2 minutes"},"schema":{"@context":"https:\/\/schema.org","@graph":[{"@type":"WebPage","@id":"https:\/\/www.strudyn.uva.es\/equipamiento\/","url":"https:\/\/www.strudyn.uva.es\/equipamiento\/","name":"Equipamiento - Grupo de Din\u00e1mica Estructural","isPartOf":{"@id":"https:\/\/www.strudyn.uva.es\/#website"},"datePublished":"2022-12-20T09:21:12+00:00","dateModified":"2025-07-21T09:39:37+00:00","breadcrumb":{"@id":"https:\/\/www.strudyn.uva.es\/equipamiento\/#breadcrumb"},"inLanguage":"en-GB","potentialAction":[{"@type":"ReadAction","target":["https:\/\/www.strudyn.uva.es\/equipamiento\/"]}]},{"@type":"BreadcrumbList","@id":"https:\/\/www.strudyn.uva.es\/equipamiento\/#breadcrumb","itemListElement":[{"@type":"ListItem","position":1,"name":"Portada","item":"https:\/\/www.strudyn.uva.es\/"},{"@type":"ListItem","position":2,"name":"Equipamiento"}]},{"@type":"WebSite","@id":"https:\/\/www.strudyn.uva.es\/#website","url":"https:\/\/www.strudyn.uva.es\/","name":"Structrural Dynamics","description":"StruDyn","publisher":{"@id":"https:\/\/www.strudyn.uva.es\/#organization"},"potentialAction":[{"@type":"SearchAction","target":{"@type":"EntryPoint","urlTemplate":"https:\/\/www.strudyn.uva.es\/?s={search_term_string}"},"query-input":{"@type":"PropertyValueSpecification","valueRequired":true,"valueName":"search_term_string"}}],"inLanguage":"en-GB"},{"@type":"Organization","@id":"https:\/\/www.strudyn.uva.es\/#organization","name":"Structrural Dynamics","url":"https:\/\/www.strudyn.uva.es\/","logo":{"@type":"ImageObject","inLanguage":"en-GB","@id":"https:\/\/www.strudyn.uva.es\/#\/schema\/logo\/image\/","url":"https:\/\/www.strudyn.uva.es\/wp-content\/uploads\/2026\/02\/cropped-logod.png","contentUrl":"https:\/\/www.strudyn.uva.es\/wp-content\/uploads\/2026\/02\/cropped-logod.png","width":966,"height":588,"caption":"Din\u00e1mica estructural"},"image":{"@id":"https:\/\/www.strudyn.uva.es\/#\/schema\/logo\/image\/"}}]}},"_links":{"self":[{"href":"https:\/\/www.strudyn.uva.es\/en\/wp-json\/wp\/v2\/pages\/247","targetHints":{"allow":["GET"]}}],"collection":[{"href":"https:\/\/www.strudyn.uva.es\/en\/wp-json\/wp\/v2\/pages"}],"about":[{"href":"https:\/\/www.strudyn.uva.es\/en\/wp-json\/wp\/v2\/types\/page"}],"author":[{"embeddable":true,"href":"https:\/\/www.strudyn.uva.es\/en\/wp-json\/wp\/v2\/users\/1"}],"replies":[{"embeddable":true,"href":"https:\/\/www.strudyn.uva.es\/en\/wp-json\/wp\/v2\/comments?post=247"}],"version-history":[{"count":15,"href":"https:\/\/www.strudyn.uva.es\/en\/wp-json\/wp\/v2\/pages\/247\/revisions"}],"predecessor-version":[{"id":5447,"href":"https:\/\/www.strudyn.uva.es\/en\/wp-json\/wp\/v2\/pages\/247\/revisions\/5447"}],"wp:attachment":[{"href":"https:\/\/www.strudyn.uva.es\/en\/wp-json\/wp\/v2\/media?parent=247"}],"curies":[{"name":"wp","href":"https:\/\/api.w.org\/{rel}","templated":true}]}}